{"id":5238,"date":"2025-01-02T12:30:01","date_gmt":"2025-01-02T09:30:01","guid":{"rendered":"https:\/\/necipyurddas.hsynplt.com\/services\/"},"modified":"2025-05-28T17:25:30","modified_gmt":"2025-05-28T14:25:30","slug":"services","status":"publish","type":"page","link":"https:\/\/necipyurddas.com\/en\/services\/","title":{"rendered":"Services"},"content":{"rendered":"\t\t<div data-elementor-type=\"wp-page\" data-elementor-id=\"5238\" class=\"elementor elementor-5238 elementor-3409\" data-elementor-post-type=\"page\">\n\t\t\t\t<div class=\"elementor-element elementor-element-3ba9930 e-flex e-con-boxed e-con e-parent\" data-id=\"3ba9930\" data-element_type=\"container\" data-settings=\"{&quot;background_background&quot;:&quot;classic&quot;}\">\n\t\t\t\t\t<div class=\"e-con-inner\">\n\t\t<div class=\"elementor-element elementor-element-7ecb3bf e-con-full e-flex e-con e-child\" data-id=\"7ecb3bf\" data-element_type=\"container\" data-settings=\"{&quot;background_background&quot;:&quot;classic&quot;}\">\n\t\t<div class=\"elementor-element elementor-element-0b4207f e-flex e-con-boxed e-con e-child\" data-id=\"0b4207f\" data-element_type=\"container\">\n\t\t\t\t\t<div class=\"e-con-inner\">\n\t\t\t\t<div class=\"elementor-element elementor-element-6c28545 elementor-invisible elementor-widget elementor-widget-heading\" data-id=\"6c28545\" data-element_type=\"widget\" data-settings=\"{&quot;_animation&quot;:&quot;fadeInDown&quot;}\" data-widget_type=\"heading.default\">\n\t\t\t\t<div class=\"elementor-widget-container\">\n\t\t\t\t\t<h2 class=\"elementor-heading-title elementor-size-default\">1- Our Therapy Programs<\/h2>\t\t\t\t<\/div>\n\t\t\t\t<\/div>\n\t\t\t\t<div class=\"elementor-element elementor-element-9dcebbf elementor-invisible elementor-widget elementor-widget-heading\" data-id=\"9dcebbf\" data-element_type=\"widget\" data-settings=\"{&quot;_animation&quot;:&quot;zoomIn&quot;}\" data-widget_type=\"heading.default\">\n\t\t\t\t<div class=\"elementor-widget-container\">\n\t\t\t\t\t<span class=\"elementor-heading-title elementor-size-default\">Psychology, or the science of the mind, is the study of instinctual and mental processes. Psychology, which encompasses the examination of both conscious and unconscious events, particularly focusing on emotions and thoughts, is a very broad scientific field. <\/span>\t\t\t\t<\/div>\n\t\t\t\t<\/div>\n\t\t\t\t<div class=\"elementor-element elementor-element-77c2776 elementor-widget elementor-widget-cpt\" data-id=\"77c2776\" data-element_type=\"widget\" data-widget_type=\"cpt.default\">\n\t\t\t\t<div class=\"elementor-widget-container\">\n\t\t\t\t\t<div class=\"project-main-section position-relative\"><div class=\"row\"><div id=\"owl-carouseltwo\" class=\"owl-carouseltwo owl-carousel owl-theme\" data-aos=\"fade-up\" data-aos-duration=\"700\">\t\t\t\t<div class=\"item\">\r\n\t\t\t\t\t<div class=\"project-link\">\r\n\t\t\t\t\t\t<div class=\"project-img\">\r\n\t\t\t\t\t\t\t<figure class=\"mb-0\">\r\n\t\t\t\t\t\t\t\t<img decoding=\"async\" src=\"https:\/\/necipyurddas.com\/wp-content\/uploads\/2025\/02\/cocuk-dehb-testi-ve-tedavisi.jpg\" alt=\"\" class=\"img-fluid\">\r\n\t\t\t\t\t\t\t<\/figure>\r\n\t\t\t\t\t\t<\/div>\r\n\t\t\t\t\t\t<div class=\"project-detail\">\r\n\t\t\t\t\t\t\t<span class=\"d-block\">What is ADHD?<\/span>\r\n\t\t\t\t\t\t\t<h5>ADHD Test<\/h5>\r\n\t\t\t\t\t\t\t<p>ADHD Diagnostics \u2013 Creating&hellip;<\/p>\r\n\t\t\t\t\t\t\t<a href=\"https:\/\/necipyurddas.com\/en\/case_study\/adhs-test-kids\/\"><i class=\"fas fa-angle-right\"><\/i><\/a>\r\n\t\t\t\t\t\t<\/div>\r\n\t\t\t\t\t<\/div>\r\n\t\t\t\t<\/div>\r\n\t\t\t\t\t\t\t\t<div class=\"item\">\r\n\t\t\t\t\t<div class=\"project-link\">\r\n\t\t\t\t\t\t<div class=\"project-img\">\r\n\t\t\t\t\t\t\t<figure class=\"mb-0\">\r\n\t\t\t\t\t\t\t\t<img decoding=\"async\" src=\"https:\/\/necipyurddas.com\/wp-content\/uploads\/2025\/02\/uyum-bozuklugu-tedavisi.jpg\" alt=\"\" class=\"img-fluid\">\r\n\t\t\t\t\t\t\t<\/figure>\r\n\t\t\t\t\t\t<\/div>\r\n\t\t\t\t\t\t<div class=\"project-detail\">\r\n\t\t\t\t\t\t\t<span class=\"d-block\">IQ Test in Childhood and Adolescence<\/span>\r\n\t\t\t\t\t\t\t<h5>IQ Test<\/h5>\r\n\t\t\t\t\t\t\t<p>Intelligence Diagnostics (IQ Test)&hellip;<\/p>\r\n\t\t\t\t\t\t\t<a href=\"https:\/\/necipyurddas.com\/en\/case_study\/iq-test-kids\/\"><i class=\"fas fa-angle-right\"><\/i><\/a>\r\n\t\t\t\t\t\t<\/div>\r\n\t\t\t\t\t<\/div>\r\n\t\t\t\t<\/div>\r\n\t\t\t\t\t\t\t\t<div class=\"item\">\r\n\t\t\t\t\t<div class=\"project-link\">\r\n\t\t\t\t\t\t<div class=\"project-img\">\r\n\t\t\t\t\t\t\t<figure class=\"mb-0\">\r\n\t\t\t\t\t\t\t\t<img decoding=\"async\" src=\"https:\/\/necipyurddas.com\/wp-content\/uploads\/2025\/02\/cocuk-lrs-ogrenme-gucluk-testi-ve-tedavisi.jpg\" alt=\"\" class=\"img-fluid\">\r\n\t\t\t\t\t\t\t<\/figure>\r\n\t\t\t\t\t\t<\/div>\r\n\t\t\t\t\t\t<div class=\"project-detail\">\r\n\t\t\t\t\t\t\t<span class=\"d-block\">Diagnosis of Dyscalculia in Children and Adolescents<\/span>\r\n\t\t\t\t\t\t\t<h5>Dyscalculia test<\/h5>\r\n\t\t\t\t\t\t\t<p>Dyscalculia \u2013 early detection,&hellip;<\/p>\r\n\t\t\t\t\t\t\t<a href=\"https:\/\/necipyurddas.com\/en\/case_study\/dyscalculia-kids\/\"><i class=\"fas fa-angle-right\"><\/i><\/a>\r\n\t\t\t\t\t\t<\/div>\r\n\t\t\t\t\t<\/div>\r\n\t\t\t\t<\/div>\r\n\t\t\t\t\t\t\t\t<div class=\"item\">\r\n\t\t\t\t\t<div class=\"project-link\">\r\n\t\t\t\t\t\t<div class=\"project-img\">\r\n\t\t\t\t\t\t\t<figure class=\"mb-0\">\r\n\t\t\t\t\t\t\t\t<img decoding=\"async\" src=\"https:\/\/necipyurddas.com\/wp-content\/uploads\/2025\/02\/uyum-bozuklugu-tedavisi-necip-yurddas.png\" alt=\"\" class=\"img-fluid\">\r\n\t\t\t\t\t\t\t<\/figure>\r\n\t\t\t\t\t\t<\/div>\r\n\t\t\t\t\t\t<div class=\"project-detail\">\r\n\t\t\t\t\t\t\t<span class=\"d-block\">Autism Spectrum Disorder<\/span>\r\n\t\t\t\t\t\t\t<h5>Autism Spectrum Disorder<\/h5>\r\n\t\t\t\t\t\t\t<p>Autism spectrum disorder (ASD)&hellip;<\/p>\r\n\t\t\t\t\t\t\t<a href=\"https:\/\/necipyurddas.com\/en\/case_study\/autism-spectrum-disorder\/\"><i class=\"fas fa-angle-right\"><\/i><\/a>\r\n\t\t\t\t\t\t<\/div>\r\n\t\t\t\t\t<\/div>\r\n\t\t\t\t<\/div>\r\n\t\t\t\t\t\t\t\t<div class=\"item\">\r\n\t\t\t\t\t<div class=\"project-link\">\r\n\t\t\t\t\t\t<div class=\"project-img\">\r\n\t\t\t\t\t\t\t<figure class=\"mb-0\">\r\n\t\t\t\t\t\t\t\t<img decoding=\"async\" src=\"https:\/\/necipyurddas.com\/wp-content\/uploads\/2025\/04\/Emotionsdiagnostik.jpg\" alt=\"\" class=\"img-fluid\">\r\n\t\t\t\t\t\t\t<\/figure>\r\n\t\t\t\t\t\t<\/div>\r\n\t\t\t\t\t\t<div class=\"project-detail\">\r\n\t\t\t\t\t\t\t<span class=\"d-block\">Emotional Diagnostics in Children and Adolescents<\/span>\r\n\t\t\t\t\t\t\t<h5>Emotional Diagnostics<\/h5>\r\n\t\t\t\t\t\t\t<p>Emotions Diagnostics \u2013 Understanding&hellip;<\/p>\r\n\t\t\t\t\t\t\t<a href=\"https:\/\/necipyurddas.com\/en\/case_study\/emotional-diagnostics-kids\/\"><i class=\"fas fa-angle-right\"><\/i><\/a>\r\n\t\t\t\t\t\t<\/div>\r\n\t\t\t\t\t<\/div>\r\n\t\t\t\t<\/div>\r\n\t\t\t\t\t\t\t\t<div class=\"item\">\r\n\t\t\t\t\t<div class=\"project-link\">\r\n\t\t\t\t\t\t<div class=\"project-img\">\r\n\t\t\t\t\t\t\t<figure class=\"mb-0\">\r\n\t\t\t\t\t\t\t\t<img decoding=\"async\" src=\"https:\/\/necipyurddas.com\/wp-content\/uploads\/2025\/04\/LRS-test.jpg\" alt=\"\" class=\"img-fluid\">\r\n\t\t\t\t\t\t\t<\/figure>\r\n\t\t\t\t\t\t<\/div>\r\n\t\t\t\t\t\t<div class=\"project-detail\">\r\n\t\t\t\t\t\t\t<span class=\"d-block\">Dyslexia test for children and adolescents<\/span>\r\n\t\t\t\t\t\t\t<h5>LRS Test<\/h5>\r\n\t\t\t\t\t\t\t<p>Reading and writing difficulties&hellip;<\/p>\r\n\t\t\t\t\t\t\t<a href=\"https:\/\/necipyurddas.com\/en\/case_study\/lrs-test-kids\/\"><i class=\"fas fa-angle-right\"><\/i><\/a>\r\n\t\t\t\t\t\t<\/div>\r\n\t\t\t\t\t<\/div>\r\n\t\t\t\t<\/div>\r\n\t\t\t\t<\/div><\/div><\/div>\t\t\t\t<\/div>\n\t\t\t\t<\/div>\n\t\t\t\t\t<\/div>\n\t\t\t\t<\/div>\n\t\t\t\t<\/div>\n\t\t<div class=\"elementor-element elementor-element-518bb15 e-con-full e-flex e-con e-child\" data-id=\"518bb15\" data-element_type=\"container\" data-settings=\"{&quot;background_background&quot;:&quot;classic&quot;}\">\n\t\t<div class=\"elementor-element elementor-element-d3d0893 e-flex e-con-boxed e-con e-child\" data-id=\"d3d0893\" data-element_type=\"container\">\n\t\t\t\t\t<div class=\"e-con-inner\">\n\t\t\t\t<div class=\"elementor-element elementor-element-93c6ea2 elementor-invisible elementor-widget elementor-widget-heading\" data-id=\"93c6ea2\" data-element_type=\"widget\" data-settings=\"{&quot;_animation&quot;:&quot;fadeInDown&quot;}\" data-widget_type=\"heading.default\">\n\t\t\t\t<div class=\"elementor-widget-container\">\n\t\t\t\t\t<h2 class=\"elementor-heading-title elementor-size-default\">2- Adult Psychology<br>Tests, Diagnosis &amp; Recommendations<\/h2>\t\t\t\t<\/div>\n\t\t\t\t<\/div>\n\t\t\t\t<div class=\"elementor-element elementor-element-d332775 elementor-widget elementor-widget-cpt\" data-id=\"d332775\" data-element_type=\"widget\" data-widget_type=\"cpt.default\">\n\t\t\t\t<div class=\"elementor-widget-container\">\n\t\t\t\t\t<div class=\"project-main-section position-relative\"><div class=\"row\"><div id=\"owl-carouseltwo\" class=\"owl-carouseltwo owl-carousel owl-theme\" data-aos=\"fade-up\" data-aos-duration=\"700\">\t\t\t\t<div class=\"item\">\r\n\t\t\t\t\t<div class=\"project-link\">\r\n\t\t\t\t\t\t<div class=\"project-img\">\r\n\t\t\t\t\t\t\t<figure class=\"mb-0\">\r\n\t\t\t\t\t\t\t\t<img decoding=\"async\" src=\"https:\/\/necipyurddas.com\/wp-content\/uploads\/2023\/12\/bireysel-terapi.jpg\" alt=\"\" class=\"img-fluid\">\r\n\t\t\t\t\t\t\t<\/figure>\r\n\t\t\t\t\t\t<\/div>\r\n\t\t\t\t\t\t<div class=\"project-detail\">\r\n\t\t\t\t\t\t\t<span class=\"d-block\">What is ADHD?<\/span>\r\n\t\t\t\t\t\t\t<h5>ADHD Test<\/h5>\r\n\t\t\t\t\t\t\t<p>ADHD Diagnostics \u2013 Gain&hellip;<\/p>\r\n\t\t\t\t\t\t\t<a href=\"https:\/\/necipyurddas.com\/en\/case_study\/adhd-test\/\"><i class=\"fas fa-angle-right\"><\/i><\/a>\r\n\t\t\t\t\t\t<\/div>\r\n\t\t\t\t\t<\/div>\r\n\t\t\t\t<\/div>\r\n\t\t\t\t\t\t\t\t<div class=\"item\">\r\n\t\t\t\t\t<div class=\"project-link\">\r\n\t\t\t\t\t\t<div class=\"project-img\">\r\n\t\t\t\t\t\t\t<figure class=\"mb-0\">\r\n\t\t\t\t\t\t\t\t<img decoding=\"async\" src=\"https:\/\/necipyurddas.com\/wp-content\/uploads\/2025\/02\/uyum-bozuklugu-tedavisi-necip-yurddas.png\" alt=\"\" class=\"img-fluid\">\r\n\t\t\t\t\t\t\t<\/figure>\r\n\t\t\t\t\t\t<\/div>\r\n\t\t\t\t\t\t<div class=\"project-detail\">\r\n\t\t\t\t\t\t\t<span class=\"d-block\">IQ Test for Adults<\/span>\r\n\t\t\t\t\t\t\t<h5>IQ Test<\/h5>\r\n\t\t\t\t\t\t\t<p>Intelligence Diagnostics (IQ Test)&hellip;<\/p>\r\n\t\t\t\t\t\t\t<a href=\"https:\/\/necipyurddas.com\/en\/case_study\/iq-test\/\"><i class=\"fas fa-angle-right\"><\/i><\/a>\r\n\t\t\t\t\t\t<\/div>\r\n\t\t\t\t\t<\/div>\r\n\t\t\t\t<\/div>\r\n\t\t\t\t\t\t\t\t<div class=\"item\">\r\n\t\t\t\t\t<div class=\"project-link\">\r\n\t\t\t\t\t\t<div class=\"project-img\">\r\n\t\t\t\t\t\t\t<figure class=\"mb-0\">\r\n\t\t\t\t\t\t\t\t<img decoding=\"async\" src=\"https:\/\/necipyurddas.com\/wp-content\/uploads\/2025\/02\/eroin-metamfetamin-bagimlilik-tedavisi.jpg\" alt=\"\" class=\"img-fluid\">\r\n\t\t\t\t\t\t\t<\/figure>\r\n\t\t\t\t\t\t<\/div>\r\n\t\t\t\t\t\t<div class=\"project-detail\">\r\n\t\t\t\t\t\t\t<span class=\"d-block\">Dyscalculia in Adults<\/span>\r\n\t\t\t\t\t\t\t<h5>Dyscalculia test<\/h5>\r\n\t\t\t\t\t\t\t<p>Dyscalculia in Adulthood \u2013&hellip;<\/p>\r\n\t\t\t\t\t\t\t<a href=\"https:\/\/necipyurddas.com\/en\/case_study\/dyscalculia-test\/\"><i class=\"fas fa-angle-right\"><\/i><\/a>\r\n\t\t\t\t\t\t<\/div>\r\n\t\t\t\t\t<\/div>\r\n\t\t\t\t<\/div>\r\n\t\t\t\t\t\t\t\t<div class=\"item\">\r\n\t\t\t\t\t<div class=\"project-link\">\r\n\t\t\t\t\t\t<div class=\"project-img\">\r\n\t\t\t\t\t\t\t<figure class=\"mb-0\">\r\n\t\t\t\t\t\t\t\t<img decoding=\"async\" src=\"https:\/\/necipyurddas.com\/wp-content\/uploads\/2025\/04\/Adipositaschirugie.png\" alt=\"\" class=\"img-fluid\">\r\n\t\t\t\t\t\t\t<\/figure>\r\n\t\t\t\t\t\t<\/div>\r\n\t\t\t\t\t\t<div class=\"project-detail\">\r\n\t\t\t\t\t\t\t<span class=\"d-block\">What is Bariatric Surgery Diagnostics?<\/span>\r\n\t\t\t\t\t\t\t<h5>Diagnostics for Bariatric Surgery<\/h5>\r\n\t\t\t\t\t\t\t<p>Diagnostics for Bariatric Surgery&hellip;<\/p>\r\n\t\t\t\t\t\t\t<a href=\"https:\/\/necipyurddas.com\/en\/case_study\/diagnostics-for-bariatric-surgery\/\"><i class=\"fas fa-angle-right\"><\/i><\/a>\r\n\t\t\t\t\t\t<\/div>\r\n\t\t\t\t\t<\/div>\r\n\t\t\t\t<\/div>\r\n\t\t\t\t\t\t\t\t<div class=\"item\">\r\n\t\t\t\t\t<div class=\"project-link\">\r\n\t\t\t\t\t\t<div class=\"project-img\">\r\n\t\t\t\t\t\t\t<figure class=\"mb-0\">\r\n\t\t\t\t\t\t\t\t<img decoding=\"async\" src=\"https:\/\/necipyurddas.com\/wp-content\/uploads\/2025\/02\/uyum-bozuklugu-tedavisi-necip-yurddas.png\" alt=\"\" class=\"img-fluid\">\r\n\t\t\t\t\t\t\t<\/figure>\r\n\t\t\t\t\t\t<\/div>\r\n\t\t\t\t\t\t<div class=\"project-detail\">\r\n\t\t\t\t\t\t\t<span class=\"d-block\">Burnout Diagnostics<\/span>\r\n\t\t\t\t\t\t\t<h5>Burnout Diagnostics<\/h5>\r\n\t\t\t\t\t\t\t<p>Burnout Diagnostics \u2013 Understanding&hellip;<\/p>\r\n\t\t\t\t\t\t\t<a href=\"https:\/\/necipyurddas.com\/en\/case_study\/burnout-diagnostics\/\"><i class=\"fas fa-angle-right\"><\/i><\/a>\r\n\t\t\t\t\t\t<\/div>\r\n\t\t\t\t\t<\/div>\r\n\t\t\t\t<\/div>\r\n\t\t\t\t\t\t\t\t<div class=\"item\">\r\n\t\t\t\t\t<div class=\"project-link\">\r\n\t\t\t\t\t\t<div class=\"project-img\">\r\n\t\t\t\t\t\t\t<figure class=\"mb-0\">\r\n\t\t\t\t\t\t\t\t<img decoding=\"async\" src=\"https:\/\/necipyurddas.com\/wp-content\/uploads\/2025\/04\/Personlichkeitsdiagnostik.jpg\" alt=\"\" class=\"img-fluid\">\r\n\t\t\t\t\t\t\t<\/figure>\r\n\t\t\t\t\t\t<\/div>\r\n\t\t\t\t\t\t<div class=\"project-detail\">\r\n\t\t\t\t\t\t\t<span class=\"d-block\">Personality Diagnostics<\/span>\r\n\t\t\t\t\t\t\t<h5>Personality Diagnostics<\/h5>\r\n\t\t\t\t\t\t\t<p>Personality Diagnostics \u2013 insight&hellip;<\/p>\r\n\t\t\t\t\t\t\t<a href=\"https:\/\/necipyurddas.com\/en\/case_study\/personality-diagnostics\/\"><i class=\"fas fa-angle-right\"><\/i><\/a>\r\n\t\t\t\t\t\t<\/div>\r\n\t\t\t\t\t<\/div>\r\n\t\t\t\t<\/div>\r\n\t\t\t\t\t\t\t\t<div class=\"item\">\r\n\t\t\t\t\t<div class=\"project-link\">\r\n\t\t\t\t\t\t<div class=\"project-img\">\r\n\t\t\t\t\t\t\t<figure class=\"mb-0\">\r\n\t\t\t\t\t\t\t\t<img decoding=\"async\" src=\"https:\/\/necipyurddas.com\/wp-content\/uploads\/2025\/02\/uyum-bozuklugu-tedavisi-necip-yurddas.png\" alt=\"\" class=\"img-fluid\">\r\n\t\t\t\t\t\t\t<\/figure>\r\n\t\t\t\t\t\t<\/div>\r\n\t\t\t\t\t\t<div class=\"project-detail\">\r\n\t\t\t\t\t\t\t<span class=\"d-block\">Autism Spectrum Disorder<\/span>\r\n\t\t\t\t\t\t\t<h5>Autism Spectrum Disorder<\/h5>\r\n\t\t\t\t\t\t\t<p>Autism spectrum disorder (ASD)&hellip;<\/p>\r\n\t\t\t\t\t\t\t<a href=\"https:\/\/necipyurddas.com\/en\/case_study\/autism-spectrum-disorder\/\"><i class=\"fas fa-angle-right\"><\/i><\/a>\r\n\t\t\t\t\t\t<\/div>\r\n\t\t\t\t\t<\/div>\r\n\t\t\t\t<\/div>\r\n\t\t\t\t\t\t\t\t<div class=\"item\">\r\n\t\t\t\t\t<div class=\"project-link\">\r\n\t\t\t\t\t\t<div class=\"project-img\">\r\n\t\t\t\t\t\t\t<figure class=\"mb-0\">\r\n\t\t\t\t\t\t\t\t<img decoding=\"async\" src=\"https:\/\/necipyurddas.com\/wp-content\/uploads\/2025\/02\/online-terapi-necip-yurddas.jpg\" alt=\"\" class=\"img-fluid\">\r\n\t\t\t\t\t\t\t<\/figure>\r\n\t\t\t\t\t\t<\/div>\r\n\t\t\t\t\t\t<div class=\"project-detail\">\r\n\t\t\t\t\t\t\t<span class=\"d-block\">Reading and writing disorder (LRS)<\/span>\r\n\t\t\t\t\t\t\t<h5>LRS Test<\/h5>\r\n\t\t\t\t\t\t\t<p>Reading and writing difficulties&hellip;<\/p>\r\n\t\t\t\t\t\t\t<a href=\"https:\/\/necipyurddas.com\/en\/case_study\/lrs-test\/\"><i class=\"fas fa-angle-right\"><\/i><\/a>\r\n\t\t\t\t\t\t<\/div>\r\n\t\t\t\t\t<\/div>\r\n\t\t\t\t<\/div>\r\n\t\t\t\t<\/div><\/div><\/div>\t\t\t\t<\/div>\n\t\t\t\t<\/div>\n\t\t\t\t\t<\/div>\n\t\t\t\t<\/div>\n\t\t\t\t<\/div>\n\t\t<div class=\"elementor-element elementor-element-66214b4 e-con-full e-flex e-con e-child\" data-id=\"66214b4\" data-element_type=\"container\" data-settings=\"{&quot;background_background&quot;:&quot;classic&quot;}\">\n\t\t<div class=\"elementor-element elementor-element-57d5fe6 e-flex e-con-boxed e-con e-child\" data-id=\"57d5fe6\" data-element_type=\"container\">\n\t\t\t\t\t<div class=\"e-con-inner\">\n\t\t\t\t<div class=\"elementor-element elementor-element-ce3e47f elementor-invisible elementor-widget elementor-widget-heading\" data-id=\"ce3e47f\" data-element_type=\"widget\" data-settings=\"{&quot;_animation&quot;:&quot;fadeInDown&quot;}\" data-widget_type=\"heading.default\">\n\t\t\t\t<div class=\"elementor-widget-container\">\n\t\t\t\t\t<h2 class=\"elementor-heading-title elementor-size-default\">3- Child and Adolescent Psychology\nTests, Diagnosis &amp; Recommendations<\/h2>\t\t\t\t<\/div>\n\t\t\t\t<\/div>\n\t\t\t\t\t<\/div>\n\t\t\t\t<\/div>\n\t\t\t\t<div class=\"elementor-element elementor-element-c433829 elementor-widget elementor-widget-cpt\" data-id=\"c433829\" data-element_type=\"widget\" data-widget_type=\"cpt.default\">\n\t\t\t\t<div class=\"elementor-widget-container\">\n\t\t\t\t\t<div class=\"project-main-section position-relative\"><div class=\"row\"><div id=\"owl-carouseltwo\" class=\"owl-carouseltwo owl-carousel owl-theme\" data-aos=\"fade-up\" data-aos-duration=\"700\">\t\t\t\t<div class=\"item\">\r\n\t\t\t\t\t<div class=\"project-link\">\r\n\t\t\t\t\t\t<div class=\"project-img\">\r\n\t\t\t\t\t\t\t<figure class=\"mb-0\">\r\n\t\t\t\t\t\t\t\t<img decoding=\"async\" src=\"https:\/\/necipyurddas.com\/wp-content\/uploads\/2025\/04\/Anti-Aggressionstraining-1.jpg\" alt=\"\" class=\"img-fluid\">\r\n\t\t\t\t\t\t\t<\/figure>\r\n\t\t\t\t\t\t<\/div>\r\n\t\t\t\t\t\t<div class=\"project-detail\">\r\n\t\t\t\t\t\t\t<span class=\"d-block\">Anti-aggression Training<\/span>\r\n\t\t\t\t\t\t\t<h5>Anti-aggression Training<\/h5>\r\n\t\t\t\t\t\t\t<p>Anti-aggression training \u2013 constructive&hellip;<\/p>\r\n\t\t\t\t\t\t\t<a href=\"https:\/\/necipyurddas.com\/en\/case_study\/anti-aggression-training\/\"><i class=\"fas fa-angle-right\"><\/i><\/a>\r\n\t\t\t\t\t\t<\/div>\r\n\t\t\t\t\t<\/div>\r\n\t\t\t\t<\/div>\r\n\t\t\t\t\t\t\t\t<div class=\"item\">\r\n\t\t\t\t\t<div class=\"project-link\">\r\n\t\t\t\t\t\t<div class=\"project-img\">\r\n\t\t\t\t\t\t\t<figure class=\"mb-0\">\r\n\t\t\t\t\t\t\t\t<img decoding=\"async\" src=\"https:\/\/necipyurddas.com\/wp-content\/uploads\/2023\/12\/depresyon-terapisi.jpg\" alt=\"\" class=\"img-fluid\">\r\n\t\t\t\t\t\t\t<\/figure>\r\n\t\t\t\t\t\t<\/div>\r\n\t\t\t\t\t\t<div class=\"project-detail\">\r\n\t\t\t\t\t\t\t<span class=\"d-block\">Cognitive behavioral therapy<\/span>\r\n\t\t\t\t\t\t\t<h5>Treatment of Adjustment Disorders<\/h5>\r\n\t\t\t\t\t\t\t<p>Treatment of adjustment disorders&hellip;<\/p>\r\n\t\t\t\t\t\t\t<a href=\"https:\/\/necipyurddas.com\/en\/case_study\/treatment-of-adjustment-disorders\/\"><i class=\"fas fa-angle-right\"><\/i><\/a>\r\n\t\t\t\t\t\t<\/div>\r\n\t\t\t\t\t<\/div>\r\n\t\t\t\t<\/div>\r\n\t\t\t\t\t\t\t\t<div class=\"item\">\r\n\t\t\t\t\t<div class=\"project-link\">\r\n\t\t\t\t\t\t<div class=\"project-img\">\r\n\t\t\t\t\t\t\t<figure class=\"mb-0\">\r\n\t\t\t\t\t\t\t\t<img decoding=\"async\" src=\"https:\/\/necipyurddas.com\/wp-content\/uploads\/2025\/02\/online-terapi-necip-yurddas.jpg\" alt=\"\" class=\"img-fluid\">\r\n\t\t\t\t\t\t\t<\/figure>\r\n\t\t\t\t\t\t<\/div>\r\n\t\t\t\t\t\t<div class=\"project-detail\">\r\n\t\t\t\t\t\t\t<span class=\"d-block\">How to get therapy easily<\/span>\r\n\t\t\t\t\t\t\t<h5>Online Therapy<\/h5>\r\n\t\t\t\t\t\t\t<p>Online Therapy \u2013 Flexible,&hellip;<\/p>\r\n\t\t\t\t\t\t\t<a href=\"https:\/\/necipyurddas.com\/en\/case_study\/online-therapy\/\"><i class=\"fas fa-angle-right\"><\/i><\/a>\r\n\t\t\t\t\t\t<\/div>\r\n\t\t\t\t\t<\/div>\r\n\t\t\t\t<\/div>\r\n\t\t\t\t\t\t\t\t<div class=\"item\">\r\n\t\t\t\t\t<div class=\"project-link\">\r\n\t\t\t\t\t\t<div class=\"project-img\">\r\n\t\t\t\t\t\t\t<figure class=\"mb-0\">\r\n\t\t\t\t\t\t\t\t<img decoding=\"async\" src=\"https:\/\/necipyurddas.com\/wp-content\/uploads\/2023\/12\/depresyon-terapisi.jpg\" alt=\"\" class=\"img-fluid\">\r\n\t\t\t\t\t\t\t<\/figure>\r\n\t\t\t\t\t\t<\/div>\r\n\t\t\t\t\t\t<div class=\"project-detail\">\r\n\t\t\t\t\t\t\t<span class=\"d-block\">Personalized Approach<\/span>\r\n\t\t\t\t\t\t\t<h5>Depression Therapy<\/h5>\r\n\t\t\t\t\t\t\t<p>Depression Therapy \u2013 Ways&hellip;<\/p>\r\n\t\t\t\t\t\t\t<a href=\"https:\/\/necipyurddas.com\/en\/case_study\/depression-therapy\/\"><i class=\"fas fa-angle-right\"><\/i><\/a>\r\n\t\t\t\t\t\t<\/div>\r\n\t\t\t\t\t<\/div>\r\n\t\t\t\t<\/div>\r\n\t\t\t\t\t\t\t\t<div class=\"item\">\r\n\t\t\t\t\t<div class=\"project-link\">\r\n\t\t\t\t\t\t<div class=\"project-img\">\r\n\t\t\t\t\t\t\t<figure class=\"mb-0\">\r\n\t\t\t\t\t\t\t\t<img decoding=\"async\" src=\"https:\/\/necipyurddas.com\/wp-content\/uploads\/2023\/12\/aile-ve-cift-terapisi.jpg\" alt=\"\" class=\"img-fluid\">\r\n\t\t\t\t\t\t\t<\/figure>\r\n\t\t\t\t\t\t<\/div>\r\n\t\t\t\t\t\t<div class=\"project-detail\">\r\n\t\t\t\t\t\t\t<span class=\"d-block\">Family and Couples Therapy<\/span>\r\n\t\t\t\t\t\t\t<h5>Family and Couples Therapy<\/h5>\r\n\t\t\t\t\t\t\t<p>Family and Couples Therapy&hellip;<\/p>\r\n\t\t\t\t\t\t\t<a href=\"https:\/\/necipyurddas.com\/en\/case_study\/family-and-couples-therapy\/\"><i class=\"fas fa-angle-right\"><\/i><\/a>\r\n\t\t\t\t\t\t<\/div>\r\n\t\t\t\t\t<\/div>\r\n\t\t\t\t<\/div>\r\n\t\t\t\t\t\t\t\t<div class=\"item\">\r\n\t\t\t\t\t<div class=\"project-link\">\r\n\t\t\t\t\t\t<div class=\"project-img\">\r\n\t\t\t\t\t\t\t<figure class=\"mb-0\">\r\n\t\t\t\t\t\t\t\t<img decoding=\"async\" src=\"https:\/\/necipyurddas.com\/wp-content\/uploads\/2023\/12\/bireysel-terapi.jpg\" alt=\"\" class=\"img-fluid\">\r\n\t\t\t\t\t\t\t<\/figure>\r\n\t\t\t\t\t\t<\/div>\r\n\t\t\t\t\t\t<div class=\"project-detail\">\r\n\t\t\t\t\t\t\t<span class=\"d-block\">Individual Therapy<\/span>\r\n\t\t\t\t\t\t\t<h5>Individual Therapy<\/h5>\r\n\t\t\t\t\t\t\t<p>Your path to greater&hellip;<\/p>\r\n\t\t\t\t\t\t\t<a href=\"https:\/\/necipyurddas.com\/en\/case_study\/individual-therapy\/\"><i class=\"fas fa-angle-right\"><\/i><\/a>\r\n\t\t\t\t\t\t<\/div>\r\n\t\t\t\t\t<\/div>\r\n\t\t\t\t<\/div>\r\n\t\t\t\t<\/div><\/div><\/div>\t\t\t\t<\/div>\n\t\t\t\t<\/div>\n\t\t\t\t<\/div>\n\t\t\t\t\t<\/div>\n\t\t\t\t<\/div>\n\t\t\t\t<\/div>\n\t\t","protected":false},"excerpt":{"rendered":"<p>1- Our Therapy Programs Psychology, or the science of the mind, is the study of instinctual and mental processes. Psychology, which encompasses the examination of both conscious and unconscious events, particularly focusing on emotions and thoughts, is a very broad scientific field. Dikkat Eksikli\u011fi ve Hiperaktivite Bozuklu\u011fu (DEHB) Nedir? DEHB Testi DEHB Tan\u0131s\u0131 \u2013 netlik&hellip; [&hellip;]<\/p>\n","protected":false},"author":1,"featured_media":4562,"parent":0,"menu_order":0,"comment_status":"closed","ping_status":"closed","template":"elementor_header_footer","meta":{"footnotes":""},"class_list":["post-5238","page","type-page","status-publish","has-post-thumbnail","hentry"],"aioseo_notices":[],"_links":{"self":[{"href":"https:\/\/necipyurddas.com\/en\/wp-json\/wp\/v2\/pages\/5238","targetHints":{"allow":["GET"]}}],"collection":[{"href":"https:\/\/necipyurddas.com\/en\/wp-json\/wp\/v2\/pages"}],"about":[{"href":"https:\/\/necipyurddas.com\/en\/wp-json\/wp\/v2\/types\/page"}],"author":[{"embeddable":true,"href":"https:\/\/necipyurddas.com\/en\/wp-json\/wp\/v2\/users\/1"}],"replies":[{"embeddable":true,"href":"https:\/\/necipyurddas.com\/en\/wp-json\/wp\/v2\/comments?post=5238"}],"version-history":[{"count":15,"href":"https:\/\/necipyurddas.com\/en\/wp-json\/wp\/v2\/pages\/5238\/revisions"}],"predecessor-version":[{"id":6725,"href":"https:\/\/necipyurddas.com\/en\/wp-json\/wp\/v2\/pages\/5238\/revisions\/6725"}],"wp:featuredmedia":[{"embeddable":true,"href":"https:\/\/necipyurddas.com\/en\/wp-json\/wp\/v2\/media\/4562"}],"wp:attachment":[{"href":"https:\/\/necipyurddas.com\/en\/wp-json\/wp\/v2\/media?parent=5238"}],"curies":[{"name":"wp","href":"https:\/\/api.w.org\/{rel}","templated":true}]}}