{"id":3322,"date":"2025-01-02T11:04:32","date_gmt":"2025-01-02T08:04:32","guid":{"rendered":"https:\/\/designingmedia.com\/medunit\/?page_id=3322"},"modified":"2025-06-25T13:46:45","modified_gmt":"2025-06-25T10:46:45","slug":"iletisim","status":"publish","type":"page","link":"https:\/\/necipyurddas.com\/tr\/iletisim\/","title":{"rendered":"\u0130leti\u015fim"},"content":{"rendered":"\t\t<div data-elementor-type=\"wp-page\" data-elementor-id=\"3322\" class=\"elementor elementor-3322\" data-elementor-post-type=\"page\">\n\t\t\t\t<div class=\"elementor-element elementor-element-7d12d903 e-flex e-con-boxed e-con e-parent\" data-id=\"7d12d903\" data-element_type=\"container\">\n\t\t\t\t\t<div class=\"e-con-inner\">\n\t\t<div class=\"elementor-element elementor-element-1cadcf1f e-flex e-con-boxed e-con e-child\" data-id=\"1cadcf1f\" data-element_type=\"container\">\n\t\t\t\t\t<div class=\"e-con-inner\">\n\t\t<div class=\"elementor-element elementor-element-46363b21 e-con-full e-flex e-con e-child\" data-id=\"46363b21\" data-element_type=\"container\">\n\t\t<div class=\"elementor-element elementor-element-708839bb e-con-full box-1 e-flex e-con e-child\" data-id=\"708839bb\" data-element_type=\"container\" data-settings=\"{&quot;background_background&quot;:&quot;classic&quot;}\">\n\t\t\t\t<div class=\"elementor-element elementor-element-7a9f6949 elementor-position-left elementor-vertical-align-top elementor-widget elementor-widget-image-box\" data-id=\"7a9f6949\" data-element_type=\"widget\" data-widget_type=\"image-box.default\">\n\t\t\t\t<div class=\"elementor-widget-container\">\n\t\t\t\t\t<div class=\"elementor-image-box-wrapper\"><figure class=\"elementor-image-box-img\"><img decoding=\"async\" width=\"38\" height=\"53\" src=\"https:\/\/necipyurddas.com\/wp-content\/uploads\/2024\/01\/location-icon.png\" class=\"attachment-full size-full wp-image-3326\" alt=\"\" \/><\/figure><div class=\"elementor-image-box-content\"><h3 class=\"elementor-image-box-title\">Adres:<\/h3><p class=\"elementor-image-box-description\">Wilhelmsstra\u00dfe 2, 34117 <br>\nKassel\/ Deutschland<\/p><\/div><\/div>\t\t\t\t<\/div>\n\t\t\t\t<\/div>\n\t\t\t\t<\/div>\n\t\t<div class=\"elementor-element elementor-element-58a19c2a e-con-full box-1 e-flex e-con e-child\" data-id=\"58a19c2a\" data-element_type=\"container\" data-settings=\"{&quot;background_background&quot;:&quot;classic&quot;}\">\n\t\t\t\t<div class=\"elementor-element elementor-element-6f316f01 elementor-position-left elementor-vertical-align-top elementor-widget elementor-widget-image-box\" data-id=\"6f316f01\" data-element_type=\"widget\" data-widget_type=\"image-box.default\">\n\t\t\t\t<div class=\"elementor-widget-container\">\n\t\t\t\t\t<div class=\"elementor-image-box-wrapper\"><figure class=\"elementor-image-box-img\"><img decoding=\"async\" width=\"32\" height=\"52\" src=\"https:\/\/necipyurddas.com\/wp-content\/uploads\/2024\/01\/phone-icon.png\" class=\"attachment-full size-full wp-image-3327\" alt=\"\" \/><\/figure><div class=\"elementor-image-box-content\"><h3 class=\"elementor-image-box-title\">Telefon numaras\u0131:<\/h3><p class=\"elementor-image-box-description\">+4915206059247<\/p><\/div><\/div>\t\t\t\t<\/div>\n\t\t\t\t<\/div>\n\t\t\t\t<\/div>\n\t\t<div class=\"elementor-element elementor-element-3db84e1a e-con-full box-1 e-flex e-con e-child\" data-id=\"3db84e1a\" data-element_type=\"container\" data-settings=\"{&quot;background_background&quot;:&quot;classic&quot;}\">\n\t\t\t\t<div class=\"elementor-element elementor-element-6a22d5a9 elementor-position-left elementor-vertical-align-top elementor-widget elementor-widget-image-box\" data-id=\"6a22d5a9\" data-element_type=\"widget\" data-widget_type=\"image-box.default\">\n\t\t\t\t<div class=\"elementor-widget-container\">\n\t\t\t\t\t<div class=\"elementor-image-box-wrapper\"><figure class=\"elementor-image-box-img\"><img decoding=\"async\" width=\"57\" height=\"52\" src=\"https:\/\/necipyurddas.com\/wp-content\/uploads\/2024\/01\/Email-icon.png\" class=\"elementor-animation-float attachment-full size-full wp-image-3328\" alt=\"\" \/><\/figure><div class=\"elementor-image-box-content\"><h3 class=\"elementor-image-box-title\">Email us at:<\/h3><p class=\"elementor-image-box-description\">info@necipyurddas.com<\/p><\/div><\/div>\t\t\t\t<\/div>\n\t\t\t\t<\/div>\n\t\t\t\t<\/div>\n\t\t\t\t<\/div>\n\t\t<div class=\"elementor-element elementor-element-799a0295 e-con-full e-flex e-con e-child\" data-id=\"799a0295\" data-element_type=\"container\">\n\t\t\t\t<div class=\"elementor-element elementor-element-49eb3c78 elementor-widget elementor-widget-heading\" data-id=\"49eb3c78\" data-element_type=\"widget\" data-widget_type=\"heading.default\">\n\t\t\t\t<div class=\"elementor-widget-container\">\n\t\t\t\t\t<h2 class=\"elementor-heading-title elementor-size-default\">Bana Ula\u015f\u0131n<\/h2>\t\t\t\t<\/div>\n\t\t\t\t<\/div>\n\t\t\t\t<div class=\"elementor-element elementor-element-1285ffd9 elementor-widget elementor-widget-heading\" data-id=\"1285ffd9\" data-element_type=\"widget\" data-widget_type=\"heading.default\">\n\t\t\t\t<div class=\"elementor-widget-container\">\n\t\t\t\t\t<h2 class=\"elementor-heading-title elementor-size-default\">Mesaj G\u00f6nderin<\/h2>\t\t\t\t<\/div>\n\t\t\t\t<\/div>\n\t\t\t\t<div class=\"elementor-element elementor-element-6222078e elementor-widget elementor-widget-text-editor\" data-id=\"6222078e\" data-element_type=\"widget\" data-widget_type=\"text-editor.default\">\n\t\t\t\t<div class=\"elementor-widget-container\">\n\t\t\t\t\t\t\t\t\t<p>En k\u0131sa s\u00fcrede size d\u00f6n\u00fc\u015f sa\u011flanacakt\u0131r.<\/p>\t\t\t\t\t\t\t\t<\/div>\n\t\t\t\t<\/div>\n\t\t\t\t<div class=\"elementor-element elementor-element-d81a9fd elementor-widget__width-inherit elementor-widget elementor-widget-shortcode\" data-id=\"d81a9fd\" data-element_type=\"widget\" data-widget_type=\"shortcode.default\">\n\t\t\t\t<div class=\"elementor-widget-container\">\n\t\t\t\t\t\t\t<div class=\"elementor-shortcode\">\n<div class=\"wpcf7 no-js\" id=\"wpcf7-f3335-o1\" lang=\"en-US\" dir=\"ltr\" data-wpcf7-id=\"3335\">\n<div class=\"screen-reader-response\"><p role=\"status\" aria-live=\"polite\" aria-atomic=\"true\"><\/p> <ul><\/ul><\/div>\n<form action=\"\/tr\/wp-json\/wp\/v2\/pages\/3322#wpcf7-f3335-o1\" method=\"post\" class=\"wpcf7-form init\" aria-label=\"Contact form\" novalidate=\"novalidate\" data-status=\"init\">\n<div style=\"display: none;\">\n<input type=\"hidden\" name=\"_wpcf7\" value=\"3335\" \/>\n<input type=\"hidden\" name=\"_wpcf7_version\" value=\"6.0.6\" \/>\n<input type=\"hidden\" name=\"_wpcf7_locale\" value=\"en_US\" \/>\n<input type=\"hidden\" name=\"_wpcf7_unit_tag\" value=\"wpcf7-f3335-o1\" \/>\n<input type=\"hidden\" name=\"_wpcf7_container_post\" value=\"0\" \/>\n<input type=\"hidden\" name=\"_wpcf7_posted_data_hash\" value=\"\" \/>\n<\/div>\n<div class=\"contact-main-page\">\n\t<div class=\"contact-right-sec\">\n\t\t<div class=\"contact-form1\">\n\t\t\t<div class=\"form-box\" id=\"contactpage\">\n\t\t\t\t<ul class=\"list-unstyled\">\n\t\t\t\t\t<li data-aos=\"fade-up\" data-aos-duration=\"700\">\n\t\t\t\t\t\t<p><span class=\"wpcf7-form-control-wrap\" data-name=\"fname\"><input size=\"40\" maxlength=\"400\" class=\"wpcf7-form-control wpcf7-text\" id=\"fname\" aria-invalid=\"false\" value=\"Ad\u0131n\u0131z:\" type=\"text\" name=\"fname\" \/><\/span><br \/>\n<i class=\"fas fa-user\"><\/i>\n\t\t\t\t\t\t<\/p>\n\t\t\t\t\t<\/li>\n\t\t\t\t\t<li data-aos=\"fade-up\" data-aos-duration=\"700\">\n\t\t\t\t\t\t<p><span class=\"wpcf7-form-control-wrap\" data-name=\"lname\"><input size=\"40\" maxlength=\"400\" class=\"wpcf7-form-control wpcf7-text\" aria-invalid=\"false\" value=\"Soyad\u0131n\u0131z:\" type=\"text\" name=\"lname\" \/><\/span><br \/>\n<i class=\"fas fa-user\"><\/i>\n\t\t\t\t\t\t<\/p>\n\t\t\t\t\t<\/li>\n\t\t\t\t\t<li data-aos=\"fade-up\" data-aos-duration=\"700\">\n\t\t\t\t\t\t<p><span class=\"wpcf7-form-control-wrap\" data-name=\"email\"><input size=\"40\" maxlength=\"400\" class=\"wpcf7-form-control wpcf7-email wpcf7-validates-as-required wpcf7-text wpcf7-validates-as-email\" id=\"email\" aria-required=\"true\" aria-invalid=\"false\" value=\"E-mail Adresiniz:\" type=\"email\" name=\"email\" \/><\/span><br \/>\n<i class=\"fas fa-envelope\"><\/i>\n\t\t\t\t\t\t<\/p>\n\t\t\t\t\t<\/li>\n\t\t\t\t\t<li data-aos=\"fade-up\" data-aos-duration=\"700\">\n\t\t\t\t\t\t<p><span class=\"wpcf7-form-control-wrap\" data-name=\"phone\"><input size=\"40\" maxlength=\"400\" class=\"wpcf7-form-control wpcf7-text\" id=\"number\" aria-invalid=\"false\" value=\"Telefon Numaras\u0131:\" type=\"text\" name=\"phone\" \/><\/span><br \/>\n<i class=\"fas fa-phone-alt\"><\/i>\n\t\t\t\t\t\t<\/p>\n\t\t\t\t\t<\/li>\n\t\t\t\t\t<li data-aos=\"fade-up\" data-aos-duration=\"700\">\n\t\t\t\t\t\t<p><span class=\"wpcf7-form-control-wrap\" data-name=\"message\"><textarea cols=\"40\" rows=\"10\" maxlength=\"2000\" class=\"wpcf7-form-control wpcf7-textarea\" id=\"msg\" aria-invalid=\"false\" name=\"message\">Mesaj\u0131n\u0131z<\/textarea><\/span>\n\t\t\t\t\t\t<\/p>\n\t\t\t\t\t<\/li>\n\t\t\t\t<\/ul>\n\t\t\t\t<div class=\"submit-btn\" data-aos=\"fade-up\" data-aos-duration=\"700\">\n\t\t\t\t\t<p><button type=\"submit\" id=\"submit\"><br \/>\nG\u00d6NDER<br \/>\n<\/button>\n\t\t\t\t\t<\/p>\n\t\t\t\t<\/div>\n\t\t\t<\/div>\n\t\t<\/div>\n\t<\/div>\n<\/div><div class=\"wpcf7-response-output\" aria-hidden=\"true\"><\/div>\n<\/form>\n<\/div>\n<\/div>\n\t\t\t\t\t\t<\/div>\n\t\t\t\t<\/div>\n\t\t\t\t<\/div>\n\t\t\t\t\t<\/div>\n\t\t\t\t<\/div>\n\t\t\t\t\t<\/div>\n\t\t\t\t<\/div>\n\t\t<div class=\"elementor-element elementor-element-5932e76 e-con-full e-flex e-con e-parent\" data-id=\"5932e76\" data-element_type=\"container\">\n\t\t\t\t<div class=\"elementor-element elementor-element-8cd6071 elementor-widget elementor-widget-google_maps\" data-id=\"8cd6071\" data-element_type=\"widget\" data-widget_type=\"google_maps.default\">\n\t\t\t\t<div class=\"elementor-widget-container\">\n\t\t\t\t\t\t\t<div class=\"elementor-custom-embed\">\n\t\t\t<iframe loading=\"lazy\"\n\t\t\t\t\tsrc=\"https:\/\/maps.google.com\/maps?q=Wilhelmsstra%C3%9Fe%202%2C%2034117%20Kassel%2F%20Deutschland&#038;t=m&#038;z=20&#038;output=embed&#038;iwloc=near\"\n\t\t\t\t\ttitle=\"Wilhelmsstra\u00dfe 2, 34117 Kassel\/ Deutschland\"\n\t\t\t\t\taria-label=\"Wilhelmsstra\u00dfe 2, 34117 Kassel\/ Deutschland\"\n\t\t\t><\/iframe>\n\t\t<\/div>\n\t\t\t\t\t\t<\/div>\n\t\t\t\t<\/div>\n\t\t\t\t<\/div>\n\t\t\t\t<\/div>\n\t\t","protected":false},"excerpt":{"rendered":"<p>Adres: Wilhelmsstra\u00dfe 2, 34117 Kassel\/ Deutschland Telefon numaras\u0131: +4915206059247 Email us at: info@necipyurddas.com Bana Ula\u015f\u0131n Mesaj G\u00f6nderin En k\u0131sa s\u00fcrede size d\u00f6n\u00fc\u015f sa\u011flanacakt\u0131r.<\/p>\n","protected":false},"author":1,"featured_media":3323,"parent":0,"menu_order":0,"comment_status":"closed","ping_status":"closed","template":"elementor_header_footer","meta":{"footnotes":""},"class_list":["post-3322","page","type-page","status-publish","has-post-thumbnail","hentry"],"aioseo_notices":[],"_links":{"self":[{"href":"https:\/\/necipyurddas.com\/tr\/wp-json\/wp\/v2\/pages\/3322","targetHints":{"allow":["GET"]}}],"collection":[{"href":"https:\/\/necipyurddas.com\/tr\/wp-json\/wp\/v2\/pages"}],"about":[{"href":"https:\/\/necipyurddas.com\/tr\/wp-json\/wp\/v2\/types\/page"}],"author":[{"embeddable":true,"href":"https:\/\/necipyurddas.com\/tr\/wp-json\/wp\/v2\/users\/1"}],"replies":[{"embeddable":true,"href":"https:\/\/necipyurddas.com\/tr\/wp-json\/wp\/v2\/comments?post=3322"}],"version-history":[{"count":21,"href":"https:\/\/necipyurddas.com\/tr\/wp-json\/wp\/v2\/pages\/3322\/revisions"}],"predecessor-version":[{"id":6790,"href":"https:\/\/necipyurddas.com\/tr\/wp-json\/wp\/v2\/pages\/3322\/revisions\/6790"}],"wp:featuredmedia":[{"embeddable":true,"href":"https:\/\/necipyurddas.com\/tr\/wp-json\/wp\/v2\/media\/3323"}],"wp:attachment":[{"href":"https:\/\/necipyurddas.com\/tr\/wp-json\/wp\/v2\/media?parent=3322"}],"curies":[{"name":"wp","href":"https:\/\/api.w.org\/{rel}","templated":true}]}}