{"id":3409,"date":"2025-01-02T12:30:01","date_gmt":"2025-01-02T09:30:01","guid":{"rendered":"https:\/\/designingmedia.com\/medunit\/?page_id=3409"},"modified":"2025-05-15T15:42:45","modified_gmt":"2025-05-15T12:42:45","slug":"hizmetlerim","status":"publish","type":"page","link":"https:\/\/necipyurddas.com\/tr\/hizmetlerim\/","title":{"rendered":"Hizmetlerim"},"content":{"rendered":"\t\t<div data-elementor-type=\"wp-page\" data-elementor-id=\"3409\" class=\"elementor elementor-3409\" data-elementor-post-type=\"page\">\n\t\t\t\t<div class=\"elementor-element elementor-element-3ba9930 e-flex e-con-boxed e-con e-parent\" data-id=\"3ba9930\" data-element_type=\"container\" data-settings=\"{&quot;background_background&quot;:&quot;classic&quot;}\">\n\t\t\t\t\t<div class=\"e-con-inner\">\n\t\t<div class=\"elementor-element elementor-element-7ecb3bf e-con-full e-flex e-con e-child\" data-id=\"7ecb3bf\" data-element_type=\"container\" data-settings=\"{&quot;background_background&quot;:&quot;classic&quot;}\">\n\t\t<div class=\"elementor-element elementor-element-0b4207f e-flex e-con-boxed e-con e-child\" data-id=\"0b4207f\" data-element_type=\"container\">\n\t\t\t\t\t<div class=\"e-con-inner\">\n\t\t\t\t<div class=\"elementor-element elementor-element-6c28545 elementor-invisible elementor-widget elementor-widget-heading\" data-id=\"6c28545\" data-element_type=\"widget\" data-settings=\"{&quot;_animation&quot;:&quot;fadeInDown&quot;}\" data-widget_type=\"heading.default\">\n\t\t\t\t<div class=\"elementor-widget-container\">\n\t\t\t\t\t<h2 class=\"elementor-heading-title elementor-size-default\">1- Terapi Programlar\u0131m\u0131z<\/h2>\t\t\t\t<\/div>\n\t\t\t\t<\/div>\n\t\t\t\t<div class=\"elementor-element elementor-element-9dcebbf elementor-invisible elementor-widget elementor-widget-heading\" data-id=\"9dcebbf\" data-element_type=\"widget\" data-settings=\"{&quot;_animation&quot;:&quot;zoomIn&quot;}\" data-widget_type=\"heading.default\">\n\t\t\t\t<div class=\"elementor-widget-container\">\n\t\t\t\t\t<span class=\"elementor-heading-title elementor-size-default\">Psikoloji veya Ruh bilimi, i\u00e7 g\u00fcd\u00fcsel ve zihni inceleyen bilimdir. Bilin\u00e7li ve bilin\u00e7siz olaylar\u0131n yan\u0131 s\u0131ra daha \u00e7ok duygu ve d\u00fc\u015f\u00fcncenin incelemesini i\u00e7eren Psikoloji, \u00e7ok kapsaml\u0131 bir bilimsel aland\u0131r.<\/span>\t\t\t\t<\/div>\n\t\t\t\t<\/div>\n\t\t\t\t<div class=\"elementor-element elementor-element-77c2776 elementor-widget elementor-widget-cpt\" data-id=\"77c2776\" data-element_type=\"widget\" data-widget_type=\"cpt.default\">\n\t\t\t\t<div class=\"elementor-widget-container\">\n\t\t\t\t\t<div class=\"project-main-section position-relative\"><div class=\"row\"><div id=\"owl-carouseltwo\" class=\"owl-carouseltwo owl-carousel owl-theme\" data-aos=\"fade-up\" data-aos-duration=\"700\">\t\t\t\t<div class=\"item\">\r\n\t\t\t\t\t<div class=\"project-link\">\r\n\t\t\t\t\t\t<div class=\"project-img\">\r\n\t\t\t\t\t\t\t<figure class=\"mb-0\">\r\n\t\t\t\t\t\t\t\t<img decoding=\"async\" src=\"https:\/\/necipyurddas.com\/wp-content\/uploads\/2025\/02\/cocuk-dehb-testi-ve-tedavisi.jpg\" alt=\"\" class=\"img-fluid\">\r\n\t\t\t\t\t\t\t<\/figure>\r\n\t\t\t\t\t\t<\/div>\r\n\t\t\t\t\t\t<div class=\"project-detail\">\r\n\t\t\t\t\t\t\t<span class=\"d-block\">Dikkat Eksikli\u011fi ve Hiperaktivite Bozuklu\u011fu (DEHB) Nedir?<\/span>\r\n\t\t\t\t\t\t\t<h5>DEHB Testi<\/h5>\r\n\t\t\t\t\t\t\t<p>DEHB Tan\u0131s\u0131 \u2013 netlik&hellip;<\/p>\r\n\t\t\t\t\t\t\t<a href=\"https:\/\/necipyurddas.com\/tr\/case_study\/dehb-testi-cocuk\/\"><i class=\"fas fa-angle-right\"><\/i><\/a>\r\n\t\t\t\t\t\t<\/div>\r\n\t\t\t\t\t<\/div>\r\n\t\t\t\t<\/div>\r\n\t\t\t\t\t\t\t\t<div class=\"item\">\r\n\t\t\t\t\t<div class=\"project-link\">\r\n\t\t\t\t\t\t<div class=\"project-img\">\r\n\t\t\t\t\t\t\t<figure class=\"mb-0\">\r\n\t\t\t\t\t\t\t\t<img decoding=\"async\" src=\"https:\/\/necipyurddas.com\/wp-content\/uploads\/2025\/02\/uyum-bozuklugu-tedavisi.jpg\" alt=\"\" class=\"img-fluid\">\r\n\t\t\t\t\t\t\t<\/figure>\r\n\t\t\t\t\t\t<\/div>\r\n\t\t\t\t\t\t<div class=\"project-detail\">\r\n\t\t\t\t\t\t\t<span class=\"d-block\">\u00c7ocukluk ve Ergenlikte IQ Testi<\/span>\r\n\t\t\t\t\t\t\t<h5>IQ Testi<\/h5>\r\n\t\t\t\t\t\t\t<p>Zeka Tan\u0131lama (IQ Testi)&hellip;<\/p>\r\n\t\t\t\t\t\t\t<a href=\"https:\/\/necipyurddas.com\/tr\/case_study\/iq-testi-cocuk\/\"><i class=\"fas fa-angle-right\"><\/i><\/a>\r\n\t\t\t\t\t\t<\/div>\r\n\t\t\t\t\t<\/div>\r\n\t\t\t\t<\/div>\r\n\t\t\t\t\t\t\t\t<div class=\"item\">\r\n\t\t\t\t\t<div class=\"project-link\">\r\n\t\t\t\t\t\t<div class=\"project-img\">\r\n\t\t\t\t\t\t\t<figure class=\"mb-0\">\r\n\t\t\t\t\t\t\t\t<img decoding=\"async\" src=\"https:\/\/necipyurddas.com\/wp-content\/uploads\/2025\/02\/cocuk-lrs-ogrenme-gucluk-testi-ve-tedavisi.jpg\" alt=\"\" class=\"img-fluid\">\r\n\t\t\t\t\t\t\t<\/figure>\r\n\t\t\t\t\t\t<\/div>\r\n\t\t\t\t\t\t<div class=\"project-detail\">\r\n\t\t\t\t\t\t\t<span class=\"d-block\">\u00c7ocuklarda ve Ergenlerde Diskalkulinin Tan\u0131s\u0131<\/span>\r\n\t\t\t\t\t\t\t<h5>Diskalkuli Testi<\/h5>\r\n\t\t\t\t\t\t\t<p>Diskalkuli \u2013 Erken te\u015fhis,&hellip;<\/p>\r\n\t\t\t\t\t\t\t<a href=\"https:\/\/necipyurddas.com\/tr\/case_study\/diskalkuli-testi-cocuk\/\"><i class=\"fas fa-angle-right\"><\/i><\/a>\r\n\t\t\t\t\t\t<\/div>\r\n\t\t\t\t\t<\/div>\r\n\t\t\t\t<\/div>\r\n\t\t\t\t\t\t\t\t<div class=\"item\">\r\n\t\t\t\t\t<div class=\"project-link\">\r\n\t\t\t\t\t\t<div class=\"project-img\">\r\n\t\t\t\t\t\t\t<figure class=\"mb-0\">\r\n\t\t\t\t\t\t\t\t<img decoding=\"async\" src=\"https:\/\/necipyurddas.com\/wp-content\/uploads\/2025\/02\/uyum-bozuklugu-tedavisi-necip-yurddas.png\" alt=\"\" class=\"img-fluid\">\r\n\t\t\t\t\t\t\t<\/figure>\r\n\t\t\t\t\t\t<\/div>\r\n\t\t\t\t\t\t<div class=\"project-detail\">\r\n\t\t\t\t\t\t\t<span class=\"d-block\">Otizm Spektrum Bozuklu\u011fu<\/span>\r\n\t\t\t\t\t\t\t<h5>Otizm Spektrum Bozuklu\u011fu<\/h5>\r\n\t\t\t\t\t\t\t<p>Otizm spektrum bozuklu\u011fu (OSB)&hellip;<\/p>\r\n\t\t\t\t\t\t\t<a href=\"https:\/\/necipyurddas.com\/tr\/case_study\/otizm-spektrum-bozuklugu\/\"><i class=\"fas fa-angle-right\"><\/i><\/a>\r\n\t\t\t\t\t\t<\/div>\r\n\t\t\t\t\t<\/div>\r\n\t\t\t\t<\/div>\r\n\t\t\t\t\t\t\t\t<div class=\"item\">\r\n\t\t\t\t\t<div class=\"project-link\">\r\n\t\t\t\t\t\t<div class=\"project-img\">\r\n\t\t\t\t\t\t\t<figure class=\"mb-0\">\r\n\t\t\t\t\t\t\t\t<img decoding=\"async\" src=\"https:\/\/necipyurddas.com\/wp-content\/uploads\/2025\/04\/Emotionsdiagnostik.jpg\" alt=\"\" class=\"img-fluid\">\r\n\t\t\t\t\t\t\t<\/figure>\r\n\t\t\t\t\t\t<\/div>\r\n\t\t\t\t\t\t<div class=\"project-detail\">\r\n\t\t\t\t\t\t\t<span class=\"d-block\">\u00c7ocuk ve Ergenlerde Duygusal Tan\u0131lama<\/span>\r\n\t\t\t\t\t\t\t<h5>Duygusal Te\u015fhis<\/h5>\r\n\t\t\t\t\t\t\t<p>Duygu Tan\u0131lama \u2013 Duygular\u0131&hellip;<\/p>\r\n\t\t\t\t\t\t\t<a href=\"https:\/\/necipyurddas.com\/tr\/case_study\/duygusal-teshis-cocuk\/\"><i class=\"fas fa-angle-right\"><\/i><\/a>\r\n\t\t\t\t\t\t<\/div>\r\n\t\t\t\t\t<\/div>\r\n\t\t\t\t<\/div>\r\n\t\t\t\t\t\t\t\t<div class=\"item\">\r\n\t\t\t\t\t<div class=\"project-link\">\r\n\t\t\t\t\t\t<div class=\"project-img\">\r\n\t\t\t\t\t\t\t<figure class=\"mb-0\">\r\n\t\t\t\t\t\t\t\t<img decoding=\"async\" src=\"https:\/\/necipyurddas.com\/wp-content\/uploads\/2025\/04\/LRS-test.jpg\" alt=\"\" class=\"img-fluid\">\r\n\t\t\t\t\t\t\t<\/figure>\r\n\t\t\t\t\t\t<\/div>\r\n\t\t\t\t\t\t<div class=\"project-detail\">\r\n\t\t\t\t\t\t\t<span class=\"d-block\">\u00c7ocuklar ve Ergenler i\u00e7in Disleksi Testi<\/span>\r\n\t\t\t\t\t\t\t<h5>Disleksi (OBB) Testi<\/h5>\r\n\t\t\t\t\t\t\t<p>Okuma ve Yazma Zorluklar\u0131&hellip;<\/p>\r\n\t\t\t\t\t\t\t<a href=\"https:\/\/necipyurddas.com\/tr\/case_study\/disleksi-obb-testi-cocuk\/\"><i class=\"fas fa-angle-right\"><\/i><\/a>\r\n\t\t\t\t\t\t<\/div>\r\n\t\t\t\t\t<\/div>\r\n\t\t\t\t<\/div>\r\n\t\t\t\t<\/div><\/div><\/div>\t\t\t\t<\/div>\n\t\t\t\t<\/div>\n\t\t\t\t\t<\/div>\n\t\t\t\t<\/div>\n\t\t\t\t<\/div>\n\t\t<div class=\"elementor-element elementor-element-518bb15 e-con-full e-flex e-con e-child\" data-id=\"518bb15\" data-element_type=\"container\" data-settings=\"{&quot;background_background&quot;:&quot;classic&quot;}\">\n\t\t<div class=\"elementor-element elementor-element-d3d0893 e-flex e-con-boxed e-con e-child\" data-id=\"d3d0893\" data-element_type=\"container\">\n\t\t\t\t\t<div class=\"e-con-inner\">\n\t\t\t\t<div class=\"elementor-element elementor-element-93c6ea2 elementor-invisible elementor-widget elementor-widget-heading\" data-id=\"93c6ea2\" data-element_type=\"widget\" data-settings=\"{&quot;_animation&quot;:&quot;fadeInDown&quot;}\" data-widget_type=\"heading.default\">\n\t\t\t\t<div class=\"elementor-widget-container\">\n\t\t\t\t\t<h2 class=\"elementor-heading-title elementor-size-default\">2- Yeti\u015fkin Psikoloji<br> Testleri, Te\u015fhis & Tavsiyeler<\/h2>\t\t\t\t<\/div>\n\t\t\t\t<\/div>\n\t\t\t\t<div class=\"elementor-element elementor-element-d332775 elementor-widget elementor-widget-cpt\" data-id=\"d332775\" data-element_type=\"widget\" data-widget_type=\"cpt.default\">\n\t\t\t\t<div class=\"elementor-widget-container\">\n\t\t\t\t\t<div class=\"project-main-section position-relative\"><div class=\"row\"><div id=\"owl-carouseltwo\" class=\"owl-carouseltwo owl-carousel owl-theme\" data-aos=\"fade-up\" data-aos-duration=\"700\">\t\t\t\t<div class=\"item\">\r\n\t\t\t\t\t<div class=\"project-link\">\r\n\t\t\t\t\t\t<div class=\"project-img\">\r\n\t\t\t\t\t\t\t<figure class=\"mb-0\">\r\n\t\t\t\t\t\t\t\t<img decoding=\"async\" src=\"https:\/\/necipyurddas.com\/wp-content\/uploads\/2023\/12\/bireysel-terapi.jpg\" alt=\"\" class=\"img-fluid\">\r\n\t\t\t\t\t\t\t<\/figure>\r\n\t\t\t\t\t\t<\/div>\r\n\t\t\t\t\t\t<div class=\"project-detail\">\r\n\t\t\t\t\t\t\t<span class=\"d-block\">Dikkat Eksikli\u011fi ve Hiperaktivite Bozuklu\u011fu (DEHB) Nedir?<\/span>\r\n\t\t\t\t\t\t\t<h5>DEHB Testi<\/h5>\r\n\t\t\t\t\t\t\t<p>DEHB Tan\u0131s\u0131 \u2013 Netlik&hellip;<\/p>\r\n\t\t\t\t\t\t\t<a href=\"https:\/\/necipyurddas.com\/tr\/case_study\/dehb-testi\/\"><i class=\"fas fa-angle-right\"><\/i><\/a>\r\n\t\t\t\t\t\t<\/div>\r\n\t\t\t\t\t<\/div>\r\n\t\t\t\t<\/div>\r\n\t\t\t\t\t\t\t\t<div class=\"item\">\r\n\t\t\t\t\t<div class=\"project-link\">\r\n\t\t\t\t\t\t<div class=\"project-img\">\r\n\t\t\t\t\t\t\t<figure class=\"mb-0\">\r\n\t\t\t\t\t\t\t\t<img decoding=\"async\" src=\"https:\/\/necipyurddas.com\/wp-content\/uploads\/2025\/02\/uyum-bozuklugu-tedavisi-necip-yurddas.png\" alt=\"\" class=\"img-fluid\">\r\n\t\t\t\t\t\t\t<\/figure>\r\n\t\t\t\t\t\t<\/div>\r\n\t\t\t\t\t\t<div class=\"project-detail\">\r\n\t\t\t\t\t\t\t<span class=\"d-block\">Yeti\u015fkinler \u0130\u00e7in IQ Testi<\/span>\r\n\t\t\t\t\t\t\t<h5>IQ Testi<\/h5>\r\n\t\t\t\t\t\t\t<p>Zeka Tan\u0131lama (IQ Testi)&hellip;<\/p>\r\n\t\t\t\t\t\t\t<a href=\"https:\/\/necipyurddas.com\/tr\/case_study\/iq-testi\/\"><i class=\"fas fa-angle-right\"><\/i><\/a>\r\n\t\t\t\t\t\t<\/div>\r\n\t\t\t\t\t<\/div>\r\n\t\t\t\t<\/div>\r\n\t\t\t\t\t\t\t\t<div class=\"item\">\r\n\t\t\t\t\t<div class=\"project-link\">\r\n\t\t\t\t\t\t<div class=\"project-img\">\r\n\t\t\t\t\t\t\t<figure class=\"mb-0\">\r\n\t\t\t\t\t\t\t\t<img decoding=\"async\" src=\"https:\/\/necipyurddas.com\/wp-content\/uploads\/2025\/02\/eroin-metamfetamin-bagimlilik-tedavisi.jpg\" alt=\"\" class=\"img-fluid\">\r\n\t\t\t\t\t\t\t<\/figure>\r\n\t\t\t\t\t\t<\/div>\r\n\t\t\t\t\t\t<div class=\"project-detail\">\r\n\t\t\t\t\t\t\t<span class=\"d-block\">Yeti\u015fkinlerde Diskalkuli<\/span>\r\n\t\t\t\t\t\t\t<h5>Diskalkuli Testi<\/h5>\r\n\t\t\t\t\t\t\t<p>Yeti\u015fkinlikte Diskalkuli \u2013 anlama,&hellip;<\/p>\r\n\t\t\t\t\t\t\t<a href=\"https:\/\/necipyurddas.com\/tr\/case_study\/diskalkuli-testi\/\"><i class=\"fas fa-angle-right\"><\/i><\/a>\r\n\t\t\t\t\t\t<\/div>\r\n\t\t\t\t\t<\/div>\r\n\t\t\t\t<\/div>\r\n\t\t\t\t\t\t\t\t<div class=\"item\">\r\n\t\t\t\t\t<div class=\"project-link\">\r\n\t\t\t\t\t\t<div class=\"project-img\">\r\n\t\t\t\t\t\t\t<figure class=\"mb-0\">\r\n\t\t\t\t\t\t\t\t<img decoding=\"async\" src=\"https:\/\/necipyurddas.com\/wp-content\/uploads\/2025\/04\/Adipositaschirugie.png\" alt=\"\" class=\"img-fluid\">\r\n\t\t\t\t\t\t\t<\/figure>\r\n\t\t\t\t\t\t<\/div>\r\n\t\t\t\t\t\t<div class=\"project-detail\">\r\n\t\t\t\t\t\t\t<span class=\"d-block\">Bariatrik Cerrahi Tan\u0131s\u0131 Nedir?<\/span>\r\n\t\t\t\t\t\t\t<h5>Bariatrik Cerrahi \u0130\u00e7in Tan\u0131lama<\/h5>\r\n\t\t\t\t\t\t\t<p>Bariatrik Cerrahi \u0130\u00e7in Tan\u0131lama&hellip;<\/p>\r\n\t\t\t\t\t\t\t<a href=\"https:\/\/necipyurddas.com\/tr\/case_study\/bariatrik-cerrahi-icin-tanilama\/\"><i class=\"fas fa-angle-right\"><\/i><\/a>\r\n\t\t\t\t\t\t<\/div>\r\n\t\t\t\t\t<\/div>\r\n\t\t\t\t<\/div>\r\n\t\t\t\t\t\t\t\t<div class=\"item\">\r\n\t\t\t\t\t<div class=\"project-link\">\r\n\t\t\t\t\t\t<div class=\"project-img\">\r\n\t\t\t\t\t\t\t<figure class=\"mb-0\">\r\n\t\t\t\t\t\t\t\t<img decoding=\"async\" src=\"https:\/\/necipyurddas.com\/wp-content\/uploads\/2025\/02\/uyum-bozuklugu-tedavisi-necip-yurddas.png\" alt=\"\" class=\"img-fluid\">\r\n\t\t\t\t\t\t\t<\/figure>\r\n\t\t\t\t\t\t<\/div>\r\n\t\t\t\t\t\t<div class=\"project-detail\">\r\n\t\t\t\t\t\t\t<span class=\"d-block\">T\u00fckenmi\u015flik Tan\u0131s\u0131<\/span>\r\n\t\t\t\t\t\t\t<h5>T\u00fckenmi\u015flik Tan\u0131s\u0131<\/h5>\r\n\t\t\t\t\t\t\t<p>T\u00fckenmi\u015flik Tan\u0131s\u0131 \u2013 \u0130\u00e7sel&hellip;<\/p>\r\n\t\t\t\t\t\t\t<a href=\"https:\/\/necipyurddas.com\/tr\/case_study\/tuekenmislik-tanisi\/\"><i class=\"fas fa-angle-right\"><\/i><\/a>\r\n\t\t\t\t\t\t<\/div>\r\n\t\t\t\t\t<\/div>\r\n\t\t\t\t<\/div>\r\n\t\t\t\t\t\t\t\t<div class=\"item\">\r\n\t\t\t\t\t<div class=\"project-link\">\r\n\t\t\t\t\t\t<div class=\"project-img\">\r\n\t\t\t\t\t\t\t<figure class=\"mb-0\">\r\n\t\t\t\t\t\t\t\t<img decoding=\"async\" src=\"https:\/\/necipyurddas.com\/wp-content\/uploads\/2025\/04\/Personlichkeitsdiagnostik.jpg\" alt=\"\" class=\"img-fluid\">\r\n\t\t\t\t\t\t\t<\/figure>\r\n\t\t\t\t\t\t<\/div>\r\n\t\t\t\t\t\t<div class=\"project-detail\">\r\n\t\t\t\t\t\t\t<span class=\"d-block\">Ki\u015filik Tan\u0131lama<\/span>\r\n\t\t\t\t\t\t\t<h5>Ki\u015filik Tan\u0131lama<\/h5>\r\n\t\t\t\t\t\t\t<p>Ki\u015filik Tan\u0131lamalar\u0131 \u2013 Bireysel&hellip;<\/p>\r\n\t\t\t\t\t\t\t<a href=\"https:\/\/necipyurddas.com\/tr\/case_study\/kisilik-tanilama\/\"><i class=\"fas fa-angle-right\"><\/i><\/a>\r\n\t\t\t\t\t\t<\/div>\r\n\t\t\t\t\t<\/div>\r\n\t\t\t\t<\/div>\r\n\t\t\t\t\t\t\t\t<div class=\"item\">\r\n\t\t\t\t\t<div class=\"project-link\">\r\n\t\t\t\t\t\t<div class=\"project-img\">\r\n\t\t\t\t\t\t\t<figure class=\"mb-0\">\r\n\t\t\t\t\t\t\t\t<img decoding=\"async\" src=\"https:\/\/necipyurddas.com\/wp-content\/uploads\/2025\/02\/uyum-bozuklugu-tedavisi-necip-yurddas.png\" alt=\"\" class=\"img-fluid\">\r\n\t\t\t\t\t\t\t<\/figure>\r\n\t\t\t\t\t\t<\/div>\r\n\t\t\t\t\t\t<div class=\"project-detail\">\r\n\t\t\t\t\t\t\t<span class=\"d-block\">Otizm Spektrum Bozuklu\u011fu<\/span>\r\n\t\t\t\t\t\t\t<h5>Otizm Spektrum Bozuklu\u011fu<\/h5>\r\n\t\t\t\t\t\t\t<p>Otizm spektrum bozuklu\u011fu (OSB)&hellip;<\/p>\r\n\t\t\t\t\t\t\t<a href=\"https:\/\/necipyurddas.com\/tr\/case_study\/otizm-spektrum-bozuklugu\/\"><i class=\"fas fa-angle-right\"><\/i><\/a>\r\n\t\t\t\t\t\t<\/div>\r\n\t\t\t\t\t<\/div>\r\n\t\t\t\t<\/div>\r\n\t\t\t\t\t\t\t\t<div class=\"item\">\r\n\t\t\t\t\t<div class=\"project-link\">\r\n\t\t\t\t\t\t<div class=\"project-img\">\r\n\t\t\t\t\t\t\t<figure class=\"mb-0\">\r\n\t\t\t\t\t\t\t\t<img decoding=\"async\" src=\"https:\/\/necipyurddas.com\/wp-content\/uploads\/2025\/02\/online-terapi-necip-yurddas.jpg\" alt=\"\" class=\"img-fluid\">\r\n\t\t\t\t\t\t\t<\/figure>\r\n\t\t\t\t\t\t<\/div>\r\n\t\t\t\t\t\t<div class=\"project-detail\">\r\n\t\t\t\t\t\t\t<span class=\"d-block\">Okuma ve Yazma Bozuklu\u011fu (LRS)<\/span>\r\n\t\t\t\t\t\t\t<h5>Disleksi (OBB) Testi<\/h5>\r\n\t\t\t\t\t\t\t<p>Yeti\u015fkinlikte Okuma ve Yazma&hellip;<\/p>\r\n\t\t\t\t\t\t\t<a href=\"https:\/\/necipyurddas.com\/tr\/case_study\/disleksi-obb-testi\/\"><i class=\"fas fa-angle-right\"><\/i><\/a>\r\n\t\t\t\t\t\t<\/div>\r\n\t\t\t\t\t<\/div>\r\n\t\t\t\t<\/div>\r\n\t\t\t\t<\/div><\/div><\/div>\t\t\t\t<\/div>\n\t\t\t\t<\/div>\n\t\t\t\t\t<\/div>\n\t\t\t\t<\/div>\n\t\t\t\t<\/div>\n\t\t<div class=\"elementor-element elementor-element-66214b4 e-con-full e-flex e-con e-child\" data-id=\"66214b4\" data-element_type=\"container\" data-settings=\"{&quot;background_background&quot;:&quot;classic&quot;}\">\n\t\t<div class=\"elementor-element elementor-element-57d5fe6 e-flex e-con-boxed e-con e-child\" data-id=\"57d5fe6\" data-element_type=\"container\">\n\t\t\t\t\t<div class=\"e-con-inner\">\n\t\t\t\t<div class=\"elementor-element elementor-element-ce3e47f elementor-invisible elementor-widget elementor-widget-heading\" data-id=\"ce3e47f\" data-element_type=\"widget\" data-settings=\"{&quot;_animation&quot;:&quot;fadeInDown&quot;}\" data-widget_type=\"heading.default\">\n\t\t\t\t<div class=\"elementor-widget-container\">\n\t\t\t\t\t<h2 class=\"elementor-heading-title elementor-size-default\">3- \u00c7ocuk ve Ergen Psikoloji <br> \nTestleri, Te\u015fhis & Tavsiyeler\u200b<\/h2>\t\t\t\t<\/div>\n\t\t\t\t<\/div>\n\t\t\t\t\t<\/div>\n\t\t\t\t<\/div>\n\t\t\t\t<div class=\"elementor-element elementor-element-c433829 elementor-widget elementor-widget-cpt\" data-id=\"c433829\" data-element_type=\"widget\" data-widget_type=\"cpt.default\">\n\t\t\t\t<div class=\"elementor-widget-container\">\n\t\t\t\t\t<div class=\"project-main-section position-relative\"><div class=\"row\"><div id=\"owl-carouseltwo\" class=\"owl-carouseltwo owl-carousel owl-theme\" data-aos=\"fade-up\" data-aos-duration=\"700\">\t\t\t\t<div class=\"item\">\r\n\t\t\t\t\t<div class=\"project-link\">\r\n\t\t\t\t\t\t<div class=\"project-img\">\r\n\t\t\t\t\t\t\t<figure class=\"mb-0\">\r\n\t\t\t\t\t\t\t\t<img decoding=\"async\" src=\"https:\/\/necipyurddas.com\/wp-content\/uploads\/2025\/04\/Anti-Aggressionstraining-1.jpg\" alt=\"\" class=\"img-fluid\">\r\n\t\t\t\t\t\t\t<\/figure>\r\n\t\t\t\t\t\t<\/div>\r\n\t\t\t\t\t\t<div class=\"project-detail\">\r\n\t\t\t\t\t\t\t<span class=\"d-block\">Sald\u0131rganl\u0131k Kar\u015f\u0131t\u0131 E\u011fitim<\/span>\r\n\t\t\t\t\t\t\t<h5>Sald\u0131rganl\u0131k Kar\u015f\u0131t\u0131 E\u011fitim<\/h5>\r\n\t\t\t\t\t\t\t<p>Sald\u0131rganl\u0131k kar\u015f\u0131t\u0131 e\u011fitim \u2013&hellip;<\/p>\r\n\t\t\t\t\t\t\t<a href=\"https:\/\/necipyurddas.com\/tr\/case_study\/saldirganlik-karsiti-egitim\/\"><i class=\"fas fa-angle-right\"><\/i><\/a>\r\n\t\t\t\t\t\t<\/div>\r\n\t\t\t\t\t<\/div>\r\n\t\t\t\t<\/div>\r\n\t\t\t\t\t\t\t\t<div class=\"item\">\r\n\t\t\t\t\t<div class=\"project-link\">\r\n\t\t\t\t\t\t<div class=\"project-img\">\r\n\t\t\t\t\t\t\t<figure class=\"mb-0\">\r\n\t\t\t\t\t\t\t\t<img decoding=\"async\" src=\"https:\/\/necipyurddas.com\/wp-content\/uploads\/2023\/12\/depresyon-terapisi.jpg\" alt=\"\" class=\"img-fluid\">\r\n\t\t\t\t\t\t\t<\/figure>\r\n\t\t\t\t\t\t<\/div>\r\n\t\t\t\t\t\t<div class=\"project-detail\">\r\n\t\t\t\t\t\t\t<span class=\"d-block\">Bili\u015fsel davran\u0131\u015f\u00e7\u0131 terapi<\/span>\r\n\t\t\t\t\t\t\t<h5>Uyum Bozukluklar\u0131n\u0131n Tedavisi<\/h5>\r\n\t\t\t\t\t\t\t<p>Uyum Bozukluklar\u0131n\u0131n Tedavisi \u2013&hellip;<\/p>\r\n\t\t\t\t\t\t\t<a href=\"https:\/\/necipyurddas.com\/tr\/case_study\/uyum-bozukluklarinin-tedavisi\/\"><i class=\"fas fa-angle-right\"><\/i><\/a>\r\n\t\t\t\t\t\t<\/div>\r\n\t\t\t\t\t<\/div>\r\n\t\t\t\t<\/div>\r\n\t\t\t\t\t\t\t\t<div class=\"item\">\r\n\t\t\t\t\t<div class=\"project-link\">\r\n\t\t\t\t\t\t<div class=\"project-img\">\r\n\t\t\t\t\t\t\t<figure class=\"mb-0\">\r\n\t\t\t\t\t\t\t\t<img decoding=\"async\" src=\"https:\/\/necipyurddas.com\/wp-content\/uploads\/2025\/02\/online-terapi-necip-yurddas.jpg\" alt=\"\" class=\"img-fluid\">\r\n\t\t\t\t\t\t\t<\/figure>\r\n\t\t\t\t\t\t<\/div>\r\n\t\t\t\t\t\t<div class=\"project-detail\">\r\n\t\t\t\t\t\t\t<span class=\"d-block\">Terapiye kolayca nas\u0131l ula\u015f\u0131l\u0131r<\/span>\r\n\t\t\t\t\t\t\t<h5>Online Terapi<\/h5>\r\n\t\t\t\t\t\t\t<p>Online Terapi \u2013 Esnek,&hellip;<\/p>\r\n\t\t\t\t\t\t\t<a href=\"https:\/\/necipyurddas.com\/tr\/case_study\/online-terapi\/\"><i class=\"fas fa-angle-right\"><\/i><\/a>\r\n\t\t\t\t\t\t<\/div>\r\n\t\t\t\t\t<\/div>\r\n\t\t\t\t<\/div>\r\n\t\t\t\t\t\t\t\t<div class=\"item\">\r\n\t\t\t\t\t<div class=\"project-link\">\r\n\t\t\t\t\t\t<div class=\"project-img\">\r\n\t\t\t\t\t\t\t<figure class=\"mb-0\">\r\n\t\t\t\t\t\t\t\t<img decoding=\"async\" src=\"https:\/\/necipyurddas.com\/wp-content\/uploads\/2023\/12\/depresyon-terapisi.jpg\" alt=\"\" class=\"img-fluid\">\r\n\t\t\t\t\t\t\t<\/figure>\r\n\t\t\t\t\t\t<\/div>\r\n\t\t\t\t\t\t<div class=\"project-detail\">\r\n\t\t\t\t\t\t\t<span class=\"d-block\">Ki\u015fiselle\u015ftirilmi\u015f Yakla\u015f\u0131m<\/span>\r\n\t\t\t\t\t\t\t<h5>Depresyon Terapisi<\/h5>\r\n\t\t\t\t\t\t\t<p>Depresyon Terapisi \u2013 Zihinsel&hellip;<\/p>\r\n\t\t\t\t\t\t\t<a href=\"https:\/\/necipyurddas.com\/tr\/case_study\/depresyon-terapisi\/\"><i class=\"fas fa-angle-right\"><\/i><\/a>\r\n\t\t\t\t\t\t<\/div>\r\n\t\t\t\t\t<\/div>\r\n\t\t\t\t<\/div>\r\n\t\t\t\t\t\t\t\t<div class=\"item\">\r\n\t\t\t\t\t<div class=\"project-link\">\r\n\t\t\t\t\t\t<div class=\"project-img\">\r\n\t\t\t\t\t\t\t<figure class=\"mb-0\">\r\n\t\t\t\t\t\t\t\t<img decoding=\"async\" src=\"https:\/\/necipyurddas.com\/wp-content\/uploads\/2023\/12\/aile-ve-cift-terapisi.jpg\" alt=\"\" class=\"img-fluid\">\r\n\t\t\t\t\t\t\t<\/figure>\r\n\t\t\t\t\t\t<\/div>\r\n\t\t\t\t\t\t<div class=\"project-detail\">\r\n\t\t\t\t\t\t\t<span class=\"d-block\">Aile ve \u00c7ift Terapisi<\/span>\r\n\t\t\t\t\t\t\t<h5>Aile ve \u00c7ift Terapisi<\/h5>\r\n\t\t\t\t\t\t\t<p>Aile ve \u00c7ift Terapisi&hellip;<\/p>\r\n\t\t\t\t\t\t\t<a href=\"https:\/\/necipyurddas.com\/tr\/case_study\/aile-ve-cift-terapisi\/\"><i class=\"fas fa-angle-right\"><\/i><\/a>\r\n\t\t\t\t\t\t<\/div>\r\n\t\t\t\t\t<\/div>\r\n\t\t\t\t<\/div>\r\n\t\t\t\t\t\t\t\t<div class=\"item\">\r\n\t\t\t\t\t<div class=\"project-link\">\r\n\t\t\t\t\t\t<div class=\"project-img\">\r\n\t\t\t\t\t\t\t<figure class=\"mb-0\">\r\n\t\t\t\t\t\t\t\t<img decoding=\"async\" src=\"https:\/\/necipyurddas.com\/wp-content\/uploads\/2023\/12\/bireysel-terapi.jpg\" alt=\"\" class=\"img-fluid\">\r\n\t\t\t\t\t\t\t<\/figure>\r\n\t\t\t\t\t\t<\/div>\r\n\t\t\t\t\t\t<div class=\"project-detail\">\r\n\t\t\t\t\t\t\t<span class=\"d-block\">Bireysel Terapi<\/span>\r\n\t\t\t\t\t\t\t<h5>Bireysel Terapi<\/h5>\r\n\t\t\t\t\t\t\t<p>Daha iyi bir refaha&hellip;<\/p>\r\n\t\t\t\t\t\t\t<a href=\"https:\/\/necipyurddas.com\/tr\/case_study\/bireysel-terapi\/\"><i class=\"fas fa-angle-right\"><\/i><\/a>\r\n\t\t\t\t\t\t<\/div>\r\n\t\t\t\t\t<\/div>\r\n\t\t\t\t<\/div>\r\n\t\t\t\t<\/div><\/div><\/div>\t\t\t\t<\/div>\n\t\t\t\t<\/div>\n\t\t\t\t<\/div>\n\t\t\t\t\t<\/div>\n\t\t\t\t<\/div>\n\t\t\t\t<\/div>\n\t\t","protected":false},"excerpt":{"rendered":"<p>1- Terapi Programlar\u0131m\u0131z Psikoloji veya Ruh bilimi, i\u00e7 g\u00fcd\u00fcsel ve zihni inceleyen bilimdir. Bilin\u00e7li ve bilin\u00e7siz olaylar\u0131n yan\u0131 s\u0131ra daha \u00e7ok duygu ve d\u00fc\u015f\u00fcncenin incelemesini i\u00e7eren Psikoloji, \u00e7ok kapsaml\u0131 bir bilimsel aland\u0131r. Was ist ADHS? ADHS Test ADHS-Diagnostik \u2013 Klarheit schaffen&hellip; IQ-Test im Kindes- und Jugendalter IQ Test Intelligenzdiagnostik (IQ-Test) Einleitung und&hellip; Diagnostik Dyskalkulie bei [&hellip;]<\/p>\n","protected":false},"author":1,"featured_media":4561,"parent":0,"menu_order":0,"comment_status":"closed","ping_status":"closed","template":"elementor_header_footer","meta":{"footnotes":""},"class_list":["post-3409","page","type-page","status-publish","has-post-thumbnail","hentry"],"aioseo_notices":[],"_links":{"self":[{"href":"https:\/\/necipyurddas.com\/tr\/wp-json\/wp\/v2\/pages\/3409","targetHints":{"allow":["GET"]}}],"collection":[{"href":"https:\/\/necipyurddas.com\/tr\/wp-json\/wp\/v2\/pages"}],"about":[{"href":"https:\/\/necipyurddas.com\/tr\/wp-json\/wp\/v2\/types\/page"}],"author":[{"embeddable":true,"href":"https:\/\/necipyurddas.com\/tr\/wp-json\/wp\/v2\/users\/1"}],"replies":[{"embeddable":true,"href":"https:\/\/necipyurddas.com\/tr\/wp-json\/wp\/v2\/comments?post=3409"}],"version-history":[{"count":20,"href":"https:\/\/necipyurddas.com\/tr\/wp-json\/wp\/v2\/pages\/3409\/revisions"}],"predecessor-version":[{"id":6703,"href":"https:\/\/necipyurddas.com\/tr\/wp-json\/wp\/v2\/pages\/3409\/revisions\/6703"}],"wp:featuredmedia":[{"embeddable":true,"href":"https:\/\/necipyurddas.com\/tr\/wp-json\/wp\/v2\/media\/4561"}],"wp:attachment":[{"href":"https:\/\/necipyurddas.com\/tr\/wp-json\/wp\/v2\/media?parent=3409"}],"curies":[{"name":"wp","href":"https:\/\/api.w.org\/{rel}","templated":true}]}}