{"id":3573,"date":"2025-01-03T11:58:36","date_gmt":"2025-01-03T08:58:36","guid":{"rendered":"https:\/\/designingmedia.com\/medunit\/?page_id=3573"},"modified":"2025-05-28T17:28:33","modified_gmt":"2025-05-28T14:28:33","slug":"randevu-al","status":"publish","type":"page","link":"https:\/\/necipyurddas.com\/tr\/randevu-al\/","title":{"rendered":"Randevu Al"},"content":{"rendered":"\t\t<div data-elementor-type=\"wp-page\" data-elementor-id=\"3573\" class=\"elementor elementor-3573\" data-elementor-post-type=\"page\">\n\t\t\t\t<div class=\"elementor-element elementor-element-acba40e e-flex e-con-boxed e-con e-parent\" data-id=\"acba40e\" data-element_type=\"container\" data-settings=\"{&quot;background_background&quot;:&quot;classic&quot;}\">\n\t\t\t\t\t<div class=\"e-con-inner\">\n\t\t<div class=\"elementor-element elementor-element-509a041 e-con-full e-flex e-con e-child\" data-id=\"509a041\" data-element_type=\"container\">\n\t\t\t\t<div class=\"elementor-element elementor-element-8f84368 elementor-widget__width-auto elementor-absolute elementor-invisible elementor-widget elementor-widget-image\" data-id=\"8f84368\" data-element_type=\"widget\" data-settings=\"{&quot;_position&quot;:&quot;absolute&quot;,&quot;_animation&quot;:&quot;flash&quot;}\" data-widget_type=\"image.default\">\n\t\t\t\t<div class=\"elementor-widget-container\">\n\t\t\t\t\t\t\t\t\t\t\t\t\t\t\t<img decoding=\"async\" width=\"83\" height=\"83\" src=\"https:\/\/necipyurddas.com\/wp-content\/uploads\/2023\/12\/About-us-HOme-02.1shape.png\" class=\"attachment-full size-full wp-image-2391\" alt=\"\" \/>\t\t\t\t\t\t\t\t\t\t\t\t\t\t\t<\/div>\n\t\t\t\t<\/div>\n\t\t\t\t<div class=\"elementor-element elementor-element-fb1e453 elementor-widget__width-auto elementor-invisible elementor-widget elementor-widget-image\" data-id=\"fb1e453\" data-element_type=\"widget\" data-settings=\"{&quot;_animation&quot;:&quot;pulse&quot;}\" data-widget_type=\"image.default\">\n\t\t\t\t<div class=\"elementor-widget-container\">\n\t\t\t\t\t\t\t\t\t\t\t\t\t\t\t<img fetchpriority=\"high\" decoding=\"async\" width=\"410\" height=\"455\" src=\"https:\/\/necipyurddas.com\/wp-content\/uploads\/2025\/03\/home-photo-3.png\" class=\"attachment-full size-full wp-image-5486\" alt=\"home-photo-3\" srcset=\"https:\/\/necipyurddas.com\/wp-content\/uploads\/2025\/03\/home-photo-3.png 410w, https:\/\/necipyurddas.com\/wp-content\/uploads\/2025\/03\/home-photo-3-270x300.png 270w\" sizes=\"(max-width: 410px) 100vw, 410px\" \/>\t\t\t\t\t\t\t\t\t\t\t\t\t\t\t<\/div>\n\t\t\t\t<\/div>\n\t\t\t\t<\/div>\n\t\t<div class=\"elementor-element elementor-element-5c435c5 e-con-full animated-slow e-flex elementor-invisible e-con e-child\" data-id=\"5c435c5\" data-element_type=\"container\" data-settings=\"{&quot;animation&quot;:&quot;fadeIn&quot;}\">\n\t\t\t\t<div class=\"elementor-element elementor-element-094f7fb elementor-widget elementor-widget-heading\" data-id=\"094f7fb\" data-element_type=\"widget\" data-widget_type=\"heading.default\">\n\t\t\t\t<div class=\"elementor-widget-container\">\n\t\t\t\t\t<h2 class=\"elementor-heading-title elementor-size-default\">Kolayca Randevu Al\u0131n<\/h2>\t\t\t\t<\/div>\n\t\t\t\t<\/div>\n\t\t\t\t<div class=\"elementor-element elementor-element-8cde57b elementor-widget elementor-widget-heading\" data-id=\"8cde57b\" data-element_type=\"widget\" data-widget_type=\"heading.default\">\n\t\t\t\t<div class=\"elementor-widget-container\">\n\t\t\t\t\t<h2 class=\"elementor-heading-title elementor-size-default\">Necip Yurdda\u015f ile Randevu Al\u0131n<\/h2>\t\t\t\t<\/div>\n\t\t\t\t<\/div>\n\t\t\t\t<div class=\"elementor-element elementor-element-0ba7b91 elementor-widget elementor-widget-text-editor\" data-id=\"0ba7b91\" data-element_type=\"widget\" data-widget_type=\"text-editor.default\">\n\t\t\t\t<div class=\"elementor-widget-container\">\n\t\t\t\t\t\t\t\t\t<p>Necip Yurdda\u015f, \u00e7ocuklar ve aileler i\u00e7in psikolojik dan\u0131\u015fmanl\u0131k ve terapi hizmetleri sunmaktad\u0131r. Randevu alarak, uzman deste\u011fimizle \u00e7ocu\u011funuzun geli\u015fimine katk\u0131 sa\u011flayabilirsiniz. Kolayca randevunuzu olu\u015fturun ve \u00e7ocu\u011funuzun sa\u011fl\u0131\u011f\u0131na ad\u0131m at\u0131n.<\/p>\t\t\t\t\t\t\t\t<\/div>\n\t\t\t\t<\/div>\n\t\t\t\t<\/div>\n\t\t\t\t\t<\/div>\n\t\t\t\t<\/div>\n\t\t<div class=\"elementor-element elementor-element-b8c03d6 e-con-full e-flex e-con e-parent\" data-id=\"b8c03d6\" data-element_type=\"container\" data-settings=\"{&quot;background_background&quot;:&quot;classic&quot;}\">\n\t\t<div class=\"elementor-element elementor-element-d3b3717 e-con-full e-flex e-con e-child\" data-id=\"d3b3717\" data-element_type=\"container\">\n\t\t<div class=\"elementor-element elementor-element-b0ea07b e-con-full e-flex e-con e-child\" data-id=\"b0ea07b\" data-element_type=\"container\" data-settings=\"{&quot;background_background&quot;:&quot;classic&quot;}\">\n\t\t\t\t<\/div>\n\t\t<div class=\"elementor-element elementor-element-73c1e42 e-con-full e-flex e-con e-child\" data-id=\"73c1e42\" data-element_type=\"container\" data-settings=\"{&quot;background_background&quot;:&quot;classic&quot;}\">\n\t\t<div class=\"elementor-element elementor-element-cfc0641 home2-appointment-form e-flex e-con-boxed e-con e-child\" data-id=\"cfc0641\" data-element_type=\"container\">\n\t\t\t\t\t<div class=\"e-con-inner\">\n\t\t\t\t<div class=\"elementor-element elementor-element-311d151 elementor-widget elementor-widget-heading\" data-id=\"311d151\" data-element_type=\"widget\" data-widget_type=\"heading.default\">\n\t\t\t\t<div class=\"elementor-widget-container\">\n\t\t\t\t\t<h2 class=\"elementor-heading-title elementor-size-default\">Randevu Formu<\/h2>\t\t\t\t<\/div>\n\t\t\t\t<\/div>\n\t\t\t\t<div class=\"elementor-element elementor-element-31bed99 elementor-widget elementor-widget-heading\" data-id=\"31bed99\" data-element_type=\"widget\" data-widget_type=\"heading.default\">\n\t\t\t\t<div class=\"elementor-widget-container\">\n\t\t\t\t\t<h2 class=\"elementor-heading-title elementor-size-default\">Randevu Formu<\/h2>\t\t\t\t<\/div>\n\t\t\t\t<\/div>\n\t\t\t\t<div class=\"elementor-element elementor-element-ac1cfd5 elementor-widget elementor-widget-text-editor\" data-id=\"ac1cfd5\" data-element_type=\"widget\" data-widget_type=\"text-editor.default\">\n\t\t\t\t<div class=\"elementor-widget-container\">\n\t\t\t\t\t\t\t\t\t<span>Randevu formunu g\u00f6nderin, en k\u0131sa s\u00fcrede size bilgi sa\u011flayaca\u011f\u0131z.<\/span>\t\t\t\t\t\t\t\t<\/div>\n\t\t\t\t<\/div>\n\t\t\t\t<div class=\"elementor-element elementor-element-d87ddc8 elementor-widget elementor-widget-shortcode\" data-id=\"d87ddc8\" data-element_type=\"widget\" data-widget_type=\"shortcode.default\">\n\t\t\t\t<div class=\"elementor-widget-container\">\n\t\t\t\t\t\t\t<div class=\"elementor-shortcode\">\n<div class=\"wpcf7 no-js\" id=\"wpcf7-f6658-o1\" lang=\"tr-TR\" dir=\"ltr\" data-wpcf7-id=\"6658\">\n<div class=\"screen-reader-response\"><p role=\"status\" aria-live=\"polite\" aria-atomic=\"true\"><\/p> <ul><\/ul><\/div>\n<form action=\"\/tr\/wp-json\/wp\/v2\/pages\/3573#wpcf7-f6658-o1\" method=\"post\" class=\"wpcf7-form init\" aria-label=\"\u0130leti\u015fim Formu\" novalidate=\"novalidate\" data-status=\"init\">\n<div style=\"display: none;\">\n<input type=\"hidden\" name=\"_wpcf7\" value=\"6658\" \/>\n<input type=\"hidden\" name=\"_wpcf7_version\" value=\"6.0.6\" \/>\n<input type=\"hidden\" name=\"_wpcf7_locale\" value=\"tr_TR\" \/>\n<input type=\"hidden\" name=\"_wpcf7_unit_tag\" value=\"wpcf7-f6658-o1\" \/>\n<input type=\"hidden\" name=\"_wpcf7_container_post\" value=\"0\" \/>\n<input type=\"hidden\" name=\"_wpcf7_posted_data_hash\" value=\"\" \/>\n<\/div>\n<div class=\"contact-form \">\n\t<ul class=\"list-unstyled \">\n\t\t<li data-aos=\"fade-up\" data-aos-duration=\"700\">\n\t\t\t<p><span class=\"wpcf7-form-control-wrap\" data-name=\"fname\"><input size=\"40\" maxlength=\"400\" class=\"wpcf7-form-control wpcf7-text\" id=\"fname\" aria-invalid=\"false\" value=\"Ad\u0131n\u0131z\" type=\"text\" name=\"fname\" \/><\/span><br \/>\n<i class=\"fas fa-user\"><\/i>\n\t\t\t<\/p>\n\t\t<\/li>\n\t\t<li data-aos=\"fade-up\" data-aos-duration=\"700\">\n\t\t\t<p><span class=\"wpcf7-form-control-wrap\" data-name=\"fsurname\"><input size=\"40\" maxlength=\"400\" class=\"wpcf7-form-control wpcf7-text\" id=\"fsurname\" aria-invalid=\"false\" value=\"Soyad\u0131n\u0131z\" type=\"text\" name=\"fsurname\" \/><\/span><br \/>\n<i class=\"fas fa-user\"><\/i>\n\t\t\t<\/p>\n\t\t<\/li>\n\t\t<li data-aos=\"fade-up\" data-aos-duration=\"700\">\n\t\t\t<p><span class=\"wpcf7-form-control-wrap\" data-name=\"email\"><input size=\"40\" maxlength=\"400\" class=\"wpcf7-form-control wpcf7-email wpcf7-validates-as-required wpcf7-text wpcf7-validates-as-email\" id=\"email\" aria-required=\"true\" aria-invalid=\"false\" value=\"Email Adresiniz\" type=\"email\" name=\"email\" \/><\/span><br \/>\n<i class=\"fas fa-envelope-open\"><\/i>\n\t\t\t<\/p>\n\t\t<\/li>\n\t\t<li data-aos=\"fade-up\" data-aos-duration=\"700\">\n\t\t\t<p><span class=\"wpcf7-form-control-wrap\" data-name=\"department\"><select class=\"wpcf7-form-control wpcf7-select\" id=\"department\" aria-invalid=\"false\" name=\"department\"><option value=\"Konu\">Konu<\/option><option value=\"Terapi\">Terapi<\/option><option value=\"Te\u015fhis\">Te\u015fhis<\/option><option value=\"Dan\u0131\u015fmanl\u0131k\">Dan\u0131\u015fmanl\u0131k<\/option><option value=\"Yeti\u015fkin Testi\">Yeti\u015fkin Testi<\/option><option value=\"\u00c7ocuk ve Ergen Testi\">\u00c7ocuk ve Ergen Testi<\/option><option value=\"Di\u011fer\">Di\u011fer<\/option><\/select><\/span>\n\t\t\t<\/p>\n\t\t<\/li>\n\t\t<li data-aos=\"fade-up\" data-aos-duration=\"700\">\n\t\t\t<p><span class=\"wpcf7-form-control-wrap\" data-name=\"date\"><input class=\"wpcf7-form-control wpcf7-date wpcf7-validates-as-date\" id=\"date\" aria-invalid=\"false\" placeholder=\"Tarih Se\u00e7imi\" value=\"\" type=\"date\" name=\"date\" \/><\/span>\n\t\t\t<\/p>\n\t\t<\/li>\n\t\t<li data-aos=\"fade-up\" data-aos-duration=\"700\">\n\t\t\t<p><span class=\"wpcf7-form-control-wrap\" data-name=\"num\"><input size=\"40\" maxlength=\"400\" class=\"wpcf7-form-control wpcf7-text\" id=\"num\" aria-invalid=\"false\" value=\"Telefon Numaran\u0131z\" type=\"text\" name=\"num\" \/><\/span><br \/>\n<i class=\"fas fa-phone\"><\/i>\n\t\t\t<\/p>\n\t\t<\/li>\n\t<\/ul>\n\t<div class=\"submit-btn\" data-aos=\"fade-up\" data-aos-duration=\"700\">\n\t\t<p><button type=\"submit\" id=\"submit\"><br \/>\nG\u00d6NDER<br \/>\n<\/button>\n\t\t<\/p>\n\t<\/div>\n<\/div><div class=\"wpcf7-response-output\" aria-hidden=\"true\"><\/div>\n<\/form>\n<\/div>\n<\/div>\n\t\t\t\t\t\t<\/div>\n\t\t\t\t<\/div>\n\t\t\t\t\t<\/div>\n\t\t\t\t<\/div>\n\t\t\t\t<\/div>\n\t\t\t\t<\/div>\n\t\t\t\t<\/div>\n\t\t\t\t<\/div>\n\t\t","protected":false},"excerpt":{"rendered":"<p>Kolayca Randevu Al\u0131n Necip Yurdda\u015f ile Randevu Al\u0131n Necip Yurdda\u015f, \u00e7ocuklar ve aileler i\u00e7in psikolojik dan\u0131\u015fmanl\u0131k ve terapi hizmetleri sunmaktad\u0131r. Randevu alarak, uzman deste\u011fimizle \u00e7ocu\u011funuzun geli\u015fimine katk\u0131 sa\u011flayabilirsiniz. Kolayca randevunuzu olu\u015fturun ve \u00e7ocu\u011funuzun sa\u011fl\u0131\u011f\u0131na ad\u0131m at\u0131n. Randevu Formu Randevu Formu Randevu formunu g\u00f6nderin, en k\u0131sa s\u00fcrede size bilgi sa\u011flayaca\u011f\u0131z.<\/p>\n","protected":false},"author":1,"featured_media":3266,"parent":0,"menu_order":0,"comment_status":"closed","ping_status":"closed","template":"elementor_header_footer","meta":{"footnotes":""},"class_list":["post-3573","page","type-page","status-publish","has-post-thumbnail","hentry"],"aioseo_notices":[],"_links":{"self":[{"href":"https:\/\/necipyurddas.com\/tr\/wp-json\/wp\/v2\/pages\/3573","targetHints":{"allow":["GET"]}}],"collection":[{"href":"https:\/\/necipyurddas.com\/tr\/wp-json\/wp\/v2\/pages"}],"about":[{"href":"https:\/\/necipyurddas.com\/tr\/wp-json\/wp\/v2\/types\/page"}],"author":[{"embeddable":true,"href":"https:\/\/necipyurddas.com\/tr\/wp-json\/wp\/v2\/users\/1"}],"replies":[{"embeddable":true,"href":"https:\/\/necipyurddas.com\/tr\/wp-json\/wp\/v2\/comments?post=3573"}],"version-history":[{"count":29,"href":"https:\/\/necipyurddas.com\/tr\/wp-json\/wp\/v2\/pages\/3573\/revisions"}],"predecessor-version":[{"id":6732,"href":"https:\/\/necipyurddas.com\/tr\/wp-json\/wp\/v2\/pages\/3573\/revisions\/6732"}],"wp:featuredmedia":[{"embeddable":true,"href":"https:\/\/necipyurddas.com\/tr\/wp-json\/wp\/v2\/media\/3266"}],"wp:attachment":[{"href":"https:\/\/necipyurddas.com\/tr\/wp-json\/wp\/v2\/media?parent=3573"}],"curies":[{"name":"wp","href":"https:\/\/api.w.org\/{rel}","templated":true}]}}